{"id":118,"date":"2013-04-15T13:00:43","date_gmt":"2013-04-15T12:00:43","guid":{"rendered":"http:\/\/fachschaft-physik.tu-dortmund.de\/wordpress\/?page_id=118"},"modified":"2024-10-12T13:46:57","modified_gmt":"2024-10-12T11:46:57","slug":"medizinphysik","status":"publish","type":"page","link":"https:\/\/fachschaft-physik.tu-dortmund.de\/wordpress\/en\/studieninteressierte\/medizinphysik\/","title":{"rendered":"Medizinphysik"},"content":{"rendered":"<p><strong>F\u00fcr Studieninteressierte:<\/strong><br \/>\nAls erste Anlaufstelle m\u00f6chten wir hier auf die <a href=\"http:\/\/physik.tu-dortmund.de\/cms\/de\/Studium\/Studieninteressierte\/Studiengang-Medizinphysik\/index.html\">website of the department of physics<\/a> verweisen. Hier wird unter anderem beschrieben, welche Inhalte im Studium behandelt werden. Wer weitere Infos zum Medizinphysik-Studium sucht oder gerne mal Studierende des Faches ausfragen m\u00f6chte, kann sich gerne an die <a href=\"http:\/\/fachschaft-physik.tu-dortmund.de\/wordpress\/en\/die-fachschaft\/\">Medizinphysik-Beauftragten<\/a> oder den <a href=\"mailto:fachschaft.physik@tu-dortmund.de?subject=Erstsemesterfragen\">Student representative council<\/a> allgemein wenden.<br \/>\nEs gibt weiterhin allgemeine Infoveranstaltungen, die ein oder zwei mal im Jahr stattfinden. Diese k\u00f6nnt ihr entweder auf der Homepage der Fakult\u00e4t oder auf unserer findet. Wenn beides nicht zutrifft, k\u00f6nnt ihr ebenfalls gerne bei uns nachfragen.<\/p>\n<p><strong>F\u00fcr neue Studierende:<\/strong><br \/>\nIhr wisst nicht, was f\u00fcr F\u00e4cher ihr eigentlich habt? Den Verlauf findet ihr ebenfalls auf der <a href=\"http:\/\/physik.tu-dortmund.de\/cms\/de\/Studium\/Studieninteressierte\/Studiengang-Medizinphysik\/index.html\">website of the department of physics<\/a>. Ansonsten hilft euch das <a href=\"http:\/\/physik.tu-dortmund.de\/cms\/de\/Studium\/Studierende\/Studiengaenge\/Bachelor-of-Science-in-Medizinphysik\/index.html\">Modulhandbuch<\/a> weiter. Euren richtigen Stundenplan k\u00f6nnt ihr dann im<a title=\"LSF\" href=\"http:\/\/www.lsf.tu-dortmund.de\/\" target=\"_blank\" rel=\"noopener noreferrer\"> LSF<\/a> zusammenstellen.<\/p>\n<p><strong>Zur kurzen Beschreibung des Studienganges:<\/strong><\/p>\n<p>Wenn man Medizinphysik studiert, ist meistens die erste Frage: Wirst du dann Arzt?<\/p>\n<p>Um das mal direkt am Anfang klar zu stellen: <strong>Nein<\/strong>, man wird <strong>kein<\/strong> Arzt. Das Medizinphysikstudium hat mit der &#8222;normalen&#8220; Medizin <strong>nichts<\/strong> zu tun, da der Schwerpunkt auf der Physik liegt und die Medizin in speziell auf unsere Bedr\u00fcfnisse zugeschnittenen Nebenfachmodulen behandelt wird. Diese h\u00f6rt man im \u00dcbrigen auch zusammen mit Studierenden anderer Studieng\u00e4nge, die Medizin im Nebenfach haben. Es sitzen also keine Medizinstudenten in diesen Vorlesungen!<\/p>\n<p>Medizinphysik ist ein vollwertiger Physikstudiengang, was bedeutet, dass reine Physiker und Medizinphysiker dieselbe Physik behandeln. Und das tun wir in den Modulen &#8222;Experimentelle Physik I-III&#8220; und in &#8222;Theoretische Physik I-II&#8220;.<\/p>\n<p>Warum also dann Medizinphysik studieren?<\/p>\n<p>Aus dem einfachen Grund, dass man sich im Bachelor bereits auf die physikalischen Aspekte innerhalb der Medizin spezialisieren kann. Durch F\u00e4cher wie Biochemie, Physiologie und Anatomie ist man bestens vorbereitet auf die &#8222;Medizinphysik I-II&#8220; in den h\u00f6heren Semestern. Nach dem man die Grundlagen der Physik verstanden hat, wird die Physik auf den menschlichen K\u00f6rper angewandt. Computertomographie, Magnet-Resonanz-Tomographie und Ultraschall sind keine mystischen medizinischen Verfahren mehr, sondern werden durch das erlernte Physikwissen erkl\u00e4rt.<\/p>\n<p>Um im Studium den Faden nicht zu verlieren, ist es ganz wichtig, den Fokus auf Physik und Mathematik zu setzen. Selbstverst\u00e4ndlich sind die medizinischen F\u00e4cher genauso wichtig, aber vor allem in den ersten Semestern ist es ganz wichtig die Priorit\u00e4t beim lernen richtig zu setzen. Ein Mathe-, Physik- oder Bioleistungskurs kann hier klar von Vorteil sein.<\/p>\n<p>Viel Spa\u00df im neuen Semester!<\/p>","protected":false},"excerpt":{"rendered":"<p>F\u00fcr Studieninteressierte: Als erste Anlaufstelle m\u00f6chten wir hier auf die Website der Fakult\u00e4t Physik verweisen. Hier wird unter anderem beschrieben, welche Inhalte im Studium behandelt werden. Wer weitere Infos zum Medizinphysik-Studium sucht oder gerne mal Studierende des Faches ausfragen m\u00f6chte, kann sich gerne an die Medizinphysik-Beauftragten oder den Fachschaftsrat allgemein [&hellip;]<\/p>","protected":false},"author":2,"featured_media":6279,"parent":1721,"menu_order":2,"comment_status":"closed","ping_status":"closed","template":"","meta":{"_themeisle_gutenberg_block_has_review":false,"footnotes":""},"class_list":["post-118","page","type-page","status-publish","has-post-thumbnail","hentry"],"_links":{"self":[{"href":"https:\/\/fachschaft-physik.tu-dortmund.de\/wordpress\/en\/wp-json\/wp\/v2\/pages\/118","targetHints":{"allow":["GET"]}}],"collection":[{"href":"https:\/\/fachschaft-physik.tu-dortmund.de\/wordpress\/en\/wp-json\/wp\/v2\/pages"}],"about":[{"href":"https:\/\/fachschaft-physik.tu-dortmund.de\/wordpress\/en\/wp-json\/wp\/v2\/types\/page"}],"author":[{"embeddable":true,"href":"https:\/\/fachschaft-physik.tu-dortmund.de\/wordpress\/en\/wp-json\/wp\/v2\/users\/2"}],"replies":[{"embeddable":true,"href":"https:\/\/fachschaft-physik.tu-dortmund.de\/wordpress\/en\/wp-json\/wp\/v2\/comments?post=118"}],"version-history":[{"count":16,"href":"https:\/\/fachschaft-physik.tu-dortmund.de\/wordpress\/en\/wp-json\/wp\/v2\/pages\/118\/revisions"}],"predecessor-version":[{"id":3202,"href":"https:\/\/fachschaft-physik.tu-dortmund.de\/wordpress\/en\/wp-json\/wp\/v2\/pages\/118\/revisions\/3202"}],"up":[{"embeddable":true,"href":"https:\/\/fachschaft-physik.tu-dortmund.de\/wordpress\/en\/wp-json\/wp\/v2\/pages\/1721"}],"wp:featuredmedia":[{"embeddable":true,"href":"https:\/\/fachschaft-physik.tu-dortmund.de\/wordpress\/en\/wp-json\/wp\/v2\/media\/6279"}],"wp:attachment":[{"href":"https:\/\/fachschaft-physik.tu-dortmund.de\/wordpress\/en\/wp-json\/wp\/v2\/media?parent=118"}],"curies":[{"name":"wp","href":"https:\/\/api.w.org\/{rel}","templated":true}]}}