{"id":1728,"date":"2017-10-05T14:19:21","date_gmt":"2017-10-05T13:19:21","guid":{"rendered":"http:\/\/fachschaft-physik.tu-dortmund.de\/wordpress\/?page_id=1728"},"modified":"2025-03-04T14:06:04","modified_gmt":"2025-03-04T13:06:04","slug":"fachschaft-was-ist-das","status":"publish","type":"page","link":"https:\/\/fachschaft-physik.tu-dortmund.de\/wordpress\/en\/fachschaft-was-ist-das\/","title":{"rendered":"The physics student council"},"content":{"rendered":"<p>Our <strong>Physics student council<\/strong> is made up of all students in the Faculty of Physics, including not only physics students but also medical physicists and, optionally, student teachers. The <strong>Student representative council<\/strong> is the student representation elected by the students, which generally bears organizational and media responsibility and organizes student celebrations. This council is elected at the meetings of the Student Council General Assembly, which usually takes place every six months at the beginning of a new semester.<\/p>\n\n\n\n<div id = \"accordion-1\">\n<script>\n          window.onload = (e)=>{\n            let area = document.getElementById(\"accordion-1\");\n            let headers = Array.from(area.getElementsByTagName(\"h3\"));\n            headers = headers.concat(Array.from(area.getElementsByTagName(\"h4\")));\n            console.log(headers);\n            let activePanel = null;\n            let activeHeader = null;\n            for(let header of headers)\n            {\n                header.addEventListener(\"click\", function(e){\n                    if(activeHeader == this)\n                    {\n                        activeHeader.classList.toggle(\"active\");\n                        activeHeader = null;\n                    }\n                    else\n                    { \n                        if(activeHeader != null)\n                            activeHeader.classList.toggle(\"active\");\n                        activeHeader = this;\n                        console.log(activeHeader);\n                        activeHeader.classList.toggle(\"active\");\n                    }\n\n                    panel = header.nextElementSibling;\n                    if (panel.style.display === \"block\") {\n                        panel.style.display = \"none\";\n                    } else {\n                        if(activePanel != null)\n                            activePanel.style.display = \"none\";\n                        panel.style.display = \"block\";\n                        activePanel = panel;\n                    }\n                });\n            }\n          };\n      <\/script>\n      \n      <style>\n          \/* Style the buttons that are used to open and close the accordion panel *\/\n        #accordion-1 h3, #accordion-1 h4 {\n        background-color: #ccc;\n        cursor: pointer;\n        padding: 18px;\n        width: 100%;\n        text-align: left;\n        border: none;\n        outline: none;\n        transition: 0.4s;\n        border-radius: 10px;\n        }\n\n        \/* Add a background color to the button if it is clicked on (add the .active class with JS), and when you move the mouse over it (hover) *\/\n        #accordion-1  .active, #accordion-1 h3:hover, #accordion-1 h4:hover {\n        background-color: #1d910e;\n        background-radius: 10px;\n        }\n\n        \/* Style the accordion panel. Note: hidden by default *\/\n        #accordion-1 p, #accordion-1 ul, #accordion-1 ol, #accordion-1 div {\n        display: none;\n        overflow: hidden;\n        }\n\n        \/* Beim Hovern wird die Schrift weiss *\/\n        #accordion-1 h3:hover, #accordion-1 h4:hover {\n        color: white;\n        }\n\n        \/* Wenn active, bleibt Schrift weiss *\/\n        #accordion-1 .active {\n        color: white;\n        }\n      <\/style>\n\n\n\n<h3 class=\"wp-block-heading\">Student council - what is it?<\/h3>\n\n\n<p>The <strong>Student council<\/strong> describes the set of all students of a faculty, in our case the physics and medical physics students. Teacher training students can choose whether they want to belong to the Student Council for Teacher Training or one of the student councils for their chosen subjects. However, this term is often (incorrectly) used for the student council or the student council room.<br \/><br \/>The <strong>Student representative council<\/strong> (<em>FSR<\/em>) is made up of 8 + 8 + (2) elected members of the student council, the representatives, their deputies and, in exceptional cases, their second deputies. The tasks of the student council are varied, e.g. representing the physics students vis-\u00e0-vis the professors and the faculty, organizing information events, student parties and the barbecue at the beginning or end of the semester. The representatives are also your contacts for everything concerning physics studies or the Faculty of Physics. The student council meets once a week for the <strong>\"Fachschaftssitzung\" (Student council meeting)<\/strong>. These meetings are open to the public so that any interested student can sit in and join the discussion without obligation. You can find out the date for the student council meeting from a member of the council. At the meetings, we discuss our individual tasks.<br \/><br \/>Student council work is not limited to the elected council members; these bodies are merely intended to ensure that student council work is carried out in principle. <strong>Every interested student is invited<\/strong>to contribute ideas, commitment, etc. to the student council work, regardless of whether he or she is part of the council. If you are interested in student council work, it is best to speak to an FSR member or attend one of the public FSR meetings.<br \/><br \/>In accordance with our statutes, all members of the student council are invited at least once a semester to the <strong>Student Council General Assembly <\/strong>(FVV). This will be announced in some lectures, posted on our notice board in the faculty and also announced on this website. There, the student council reports on activities and plans for the next semester. After every FVV, you can always end the evening with beer, soft drinks, sausages and salad! In addition, a new student council is elected for one year at every summer FVV.<\/p><\/div>","protected":false},"excerpt":{"rendered":"<p>Unsere Fachschaft Physik setzt sich aus der Menge aller Studierenden der Fakult\u00e4t Physik zusammen, dazu z\u00e4hlen neben den Physikstudierenden auch die Medizinphysiker*innen und wahlweise die Lehramtsstudent*innen. Dabei ist der Fachschaftsrat die von den Studierenden gew\u00e4hlte Studierendenvertretung, welcher im Allgemeinen organisatorische und mediale Verantwortung tr\u00e4gt und studentische Feierlichkeiten veranstaltet. Gew\u00e4hlt wird [&hellip;]<\/p>","protected":false},"author":49,"featured_media":0,"parent":0,"menu_order":1,"comment_status":"closed","ping_status":"closed","template":"","meta":{"_themeisle_gutenberg_block_has_review":false,"footnotes":""},"class_list":["post-1728","page","type-page","status-publish","hentry"],"_links":{"self":[{"href":"https:\/\/fachschaft-physik.tu-dortmund.de\/wordpress\/en\/wp-json\/wp\/v2\/pages\/1728","targetHints":{"allow":["GET"]}}],"collection":[{"href":"https:\/\/fachschaft-physik.tu-dortmund.de\/wordpress\/en\/wp-json\/wp\/v2\/pages"}],"about":[{"href":"https:\/\/fachschaft-physik.tu-dortmund.de\/wordpress\/en\/wp-json\/wp\/v2\/types\/page"}],"author":[{"embeddable":true,"href":"https:\/\/fachschaft-physik.tu-dortmund.de\/wordpress\/en\/wp-json\/wp\/v2\/users\/49"}],"replies":[{"embeddable":true,"href":"https:\/\/fachschaft-physik.tu-dortmund.de\/wordpress\/en\/wp-json\/wp\/v2\/comments?post=1728"}],"version-history":[{"count":12,"href":"https:\/\/fachschaft-physik.tu-dortmund.de\/wordpress\/en\/wp-json\/wp\/v2\/pages\/1728\/revisions"}],"predecessor-version":[{"id":6808,"href":"https:\/\/fachschaft-physik.tu-dortmund.de\/wordpress\/en\/wp-json\/wp\/v2\/pages\/1728\/revisions\/6808"}],"wp:attachment":[{"href":"https:\/\/fachschaft-physik.tu-dortmund.de\/wordpress\/en\/wp-json\/wp\/v2\/media?parent=1728"}],"curies":[{"name":"wp","href":"https:\/\/api.w.org\/{rel}","templated":true}]}}