{"id":1755,"date":"2017-10-05T16:06:46","date_gmt":"2017-10-05T14:06:46","guid":{"rendered":"http:\/\/fachschaft-physik.tu-dortmund.de\/wordpress\/?page_id=1755"},"modified":"2025-09-10T11:04:08","modified_gmt":"2025-09-10T09:04:08","slug":"vorkurse","status":"publish","type":"page","link":"https:\/\/fachschaft-physik.tu-dortmund.de\/wordpress\/en\/vorkurse\/","title":{"rendered":"Vorkurse"},"content":{"rendered":"<p class=\"has-cyan-bluish-gray-background-color has-background\"><strong><em>Anmerkung:<\/em><\/strong><br \/>Folgende Informationen sind Ausz\u00fcge der <a href=\"https:\/\/physik.tu-dortmund.de\/studium\/studienanfaenger\/-innen\/\">Fakult\u00e4tswebsite<\/a> (Stand: 07.09.2025, Angaben ohne Gew\u00e4hr). Da ihr euch dort auch f\u00fcr die Vorkurse anmelden m\u00fcsstet, schaut gerne auch einmal auf der Website unserer Fakult\u00e4t vorbei!<\/p>\n\n\n\n<p>Die Fakult\u00e4t Physik und die Fakult\u00e4t Mathematik bieten f\u00fcr Erstsemester einige Vorkurse zur Auf- und Vorbereitung f\u00fcr das kommende Semester an. Diese Vorkurse finden &#8211; wie der Name bereits verr\u00e4t &#8211; <strong>vor<\/strong> dem Semesterbeginn (13.10.2025) statt, des Weiteren ist eine Anmeldung auf der <a href=\"https:\/\/physik.tu-dortmund.de\/studium\/studienanfaenger\/-innen\/\">Vorkurs-Website<\/a> zur Teilnahme n\u00f6tig.<\/p>\n\n\n\n<p>Eine Teilnahme an den Vorkursen, zumindest dem Physik-Vorkurs und die mathematische Auffrischung f\u00fcr Physiker*innen, ist <strong>dringend zu empfehlen<\/strong>. Wir k\u00f6nnen euch versichern, dass die Mathematik, mit der ihr in Zukunft arbeiten werdet, sich sehr von der Schul-Mathematik unterscheiden wird. Das macht sich zwar in den Vorkursen noch nicht sonderlich bemerkbar, sie erleichtern den Studieneinstieg jedoch bedeutend, es kann n\u00e4mlich gut m\u00f6glich sein, dass man in den ersten Wochen ansonsten vom Studium abgeh\u00e4ngt wird, egal ob man einen Mathematik-Leistungskurs in der Schule belegt hatte oder nicht.<\/p>\n\n\n\n<p>Eine \u00dcbersicht der Termine f\u00fcr die verschiedenen Vorkurse findest du in der folgenden Tabelle, <strong>weitere Infos<\/strong> <strong>zur<\/strong> <strong>Anmeldung<\/strong> und den <strong>Terminen<\/strong> findest du auf der <a href=\"https:\/\/physik.tu-dortmund.de\/studium\/studienanfaenger\/-innen\/\">Vorkurs-Website<\/a> oder als Kurzinfo etwas weiter unten bei uns. <\/p>\n\n\n\n<div>\n<table style=\"height: 30px;\" width=\"820\">\n<tbody>\n<tr>\n<td width=\"20%\">01.09.2025 &#8211; 05.10.2025<\/td>\n<td width=\"20%\">08.09.2025 &#8211; 12.09.2025<\/td>\n<td width=\"20%\">15.09.2025 &#8211; 19.09.2025<\/td>\n<td width=\"20%\">22.09.2025 &#8211; 26.09.2025<\/td>\n<td width=\"20%\">29.09.2025 &#8211; 10.10.2025<\/td>\n<\/tr>\n<tr>\n<td width=\"20%\">Mathematischer Vorkurs (Fakult\u00e4t Mathematik)<\/td>\n<td width=\"20%\">Mathematischer Vorkurs (Fakult\u00e4t Mathematik)<\/td>\n<td width=\"20%\">Mathematischer Vorkurs (Fakult\u00e4t Mathematik)<\/td>\n<td width=\"20%\"><\/td>\n<td width=\"20%\"><\/td>\n<\/tr>\n<tr>\n<td width=\"20%\"><\/td>\n<td width=\"20%\"><\/td>\n<td width=\"20%\"><\/td>\n<td width=\"20%\">Physikalischer Auffrischungskurs (Fakult\u00e4t Physik)<\/td>\n<td width=\"20%\"><\/td>\n<\/tr>\n<tr>\n<td width=\"20%\"><\/td>\n<td width=\"20%\"><\/td>\n<td width=\"20%\"><\/td>\n<td width=\"20%\"><\/td>\n<td width=\"20%\">Physik Vorkurs (Fakult\u00e4t Physik)<\/td>\n<\/tr>\n<\/tbody>\n<\/table>\n<\/div>\n\n\n\n<h4 class=\"wp-block-heading\">Der Mathematische Vorkurs<\/h4>\n\n\n\n<p>Dieser Vorkurs wird von der Fakult\u00e4t f\u00fcr Mathematik angeboten und richtet sich an alle Studienanf\u00e4nger*innen der natur- und ingenieurwissenschaftlichen Studieng\u00e4nge. Dort werden die wichtigsten mathematischen Grundlagen aus der Oberstufe noch einmal kompakt zusammengefasst. Besonders zu empfehlen ist der Vorkurs f\u00fcr alle, die in der Schule nur einen Mathematik-Grundkurs besucht haben. Dieser Vorkurs k\u00f6nnte dennoch auch f\u00fcr Mathe-LK-Sch\u00fcler*innen interessant sein, da auch neue Themen wie die <em>komplexen Zahlen<\/em> eingef\u00fchrt werden.<\/p>\n\n\n\n<p>Das Tempo der Vorlesung ist schneller als in der Schule, aber noch langsamer als normale Vorlesungen, sodass du dich schon einmal ein bisschen an das Unileben gew\u00f6hnen kannst. Au\u00dferdem bietet der Vorkurs eine gute Gelegenheit, neue Leute, auch aus anderen Studieng\u00e4ngen, kennenzulernen.<\/p>\n\n\n\n<h4 class=\"wp-block-heading\">Der mathematische Auffrischungskurs<\/h4>\n\n\n\n<p>Dieser Kurs ist im Allgemeinen jeder\/jedem zu empfehlen, insbesondere denen, die beim <em>mathematischen Selbsttest<\/em> noch Schwierigkeiten hatten. Er findet drei Wochen vor eigentlichem Vorlesungsbeginn statt und vermittelt noch einmal wesentliche mathematische Grundlagen und Rechentechniken.<\/p>\n\n\n\n<h4 class=\"wp-block-heading\">Der &#8222;Physik&#8220;-Vorkurs<\/h4>\n\n\n\n<p>Der Physik-Vorkurs behandelt im Grunde genommen noch ein weiteres Mal die mathematischen Grundlagen, allerdings diesmal auf angehende Physiker*innen zugeschnitten. Gelesen wird dieser von den Physik-Professoren, bei denen ihr auch im ersten Semester die &#8222;Physik 1&#8220; h\u00f6ren werdet, also einem Experimental-Professor und einem Theorie-Professor.<\/p>\n\n\n\n<p>Hier werdet ihr schon Kontakte zur euren zuk\u00fcnftigen Kommiliton*innen kn\u00fcpfen k\u00f6nnen, was gerade eine essentielle Sache sein wird, weil ihr w\u00e4hrend des Studiums dicht miteinander zusammenarbeiten werdet, wie zum Beispiel in den \u00dcbungen der jeweiligen F\u00e4cher. Die Teamarbeit in der Physik ist von gro\u00dfer Wichtigkeit, da es das Studium nicht nur wesentlich ertr\u00e4glicher macht und man viele Freunde findet, sondern auch den zeitlichen Aufwand mindert, da das Studium f\u00fcr einen Alleing\u00e4nger prinzipiell eine un\u00fcberwindbare H\u00fcrde darstellt.<\/p>","protected":false},"excerpt":{"rendered":"<p>Anmerkung:Folgende Informationen sind Ausz\u00fcge der Fakult\u00e4tswebsite (Stand: 07.09.2025, Angaben ohne Gew\u00e4hr). Da ihr euch dort auch f\u00fcr die Vorkurse anmelden m\u00fcsstet, schaut gerne auch einmal auf der Website unserer Fakult\u00e4t vorbei! Die Fakult\u00e4t Physik und die Fakult\u00e4t Mathematik bieten f\u00fcr Erstsemester einige Vorkurse zur Auf- und Vorbereitung f\u00fcr das kommende [&hellip;]<\/p>","protected":false},"author":54,"featured_media":0,"parent":0,"menu_order":1,"comment_status":"closed","ping_status":"closed","template":"","meta":{"_themeisle_gutenberg_block_has_review":false,"footnotes":""},"class_list":["post-1755","page","type-page","status-publish","hentry"],"_links":{"self":[{"href":"https:\/\/fachschaft-physik.tu-dortmund.de\/wordpress\/en\/wp-json\/wp\/v2\/pages\/1755","targetHints":{"allow":["GET"]}}],"collection":[{"href":"https:\/\/fachschaft-physik.tu-dortmund.de\/wordpress\/en\/wp-json\/wp\/v2\/pages"}],"about":[{"href":"https:\/\/fachschaft-physik.tu-dortmund.de\/wordpress\/en\/wp-json\/wp\/v2\/types\/page"}],"author":[{"embeddable":true,"href":"https:\/\/fachschaft-physik.tu-dortmund.de\/wordpress\/en\/wp-json\/wp\/v2\/users\/54"}],"replies":[{"embeddable":true,"href":"https:\/\/fachschaft-physik.tu-dortmund.de\/wordpress\/en\/wp-json\/wp\/v2\/comments?post=1755"}],"version-history":[{"count":43,"href":"https:\/\/fachschaft-physik.tu-dortmund.de\/wordpress\/en\/wp-json\/wp\/v2\/pages\/1755\/revisions"}],"predecessor-version":[{"id":7201,"href":"https:\/\/fachschaft-physik.tu-dortmund.de\/wordpress\/en\/wp-json\/wp\/v2\/pages\/1755\/revisions\/7201"}],"wp:attachment":[{"href":"https:\/\/fachschaft-physik.tu-dortmund.de\/wordpress\/en\/wp-json\/wp\/v2\/media?parent=1755"}],"curies":[{"name":"wp","href":"https:\/\/api.w.org\/{rel}","templated":true}]}}