{"id":3375,"date":"2021-01-06T20:24:11","date_gmt":"2021-01-06T19:24:11","guid":{"rendered":"http:\/\/fachschaft-physik.tu-dortmund.de\/wordpress\/?page_id=3375"},"modified":"2025-03-04T23:23:35","modified_gmt":"2025-03-04T22:23:35","slug":"gremien","status":"publish","type":"page","link":"https:\/\/fachschaft-physik.tu-dortmund.de\/wordpress\/en\/gremien\/","title":{"rendered":"University policy overview"},"content":{"rendered":"<p><strong>StuPa, AStA, FsRK, Fachschaft, Senat<\/strong><br \/>Innerhalb der Fakult\u00e4t Physik gibt es zwei gro\u00dfe Gremien: Den Fakult\u00e4tsrat (<em>FAR<\/em>) und den Fachschaftsrat (<em>FSR<\/em>).<\/p>\n\n\n\n<h3 class=\"wp-block-heading\">Fakult\u00e4tsrat<\/h3>\n\n\n\n<p>The&nbsp;<strong>Fakult\u00e4tsrat<\/strong>&nbsp;(<em>FAR<\/em>) ist das h\u00f6chste Gremium innerhalb einer Fakult\u00e4t. Dort sitzen neben Professoren auch Vertreter der Studierenden und der wissenschaftlichen sowie technischen Mitarbeiter. Die Professoren sind jedoch in der Mehrheit. Hier werden Personalfragen, sowie \u00fcber die Verwendung des Budgets und der Sachmittel der Fakult\u00e4t entschieden. Weiter ist der <em>FAR<\/em> f\u00fcr die grunds\u00e4tzliche Struktur der Forschung und Lehre verantwortlich. So geh\u00f6ren neben der Wahl des Dekans z.B. die Verabschiedung von Studien- und Pr\u00fcfungsordnungen zu seinen Aufgaben. Zur Ausarbeitung einzelner Themenpunkte k\u00f6nnen Aussch\u00fcsse gegr\u00fcndet werden.<\/p>\n\n\n\n<h3 class=\"wp-block-heading\">Student representative council<\/h3>\n\n\n\n<p>The&nbsp;<strong>Student representative council<\/strong>&nbsp;(<em>FSR<\/em>) hingegen besteht ausschlie\u00dflich aus Studenten. Er ist eure Intressensvertretung und damit erste Anlaufstelle (siehe Artikel zur Fachschaftsarbeit). Der <em>FSR<\/em> entsendet Vertreter in die sog. <strong>Fachschaftsr\u00e4tekonferenz<\/strong> (<em>FsRK<\/em>). Dieses Gremium dient zum Austausch und der Diskussion \u00fcber fachschafts\u00fcbergreifende Themen. Als h\u00f6chstes Vertretungsorgan der Fachschaften, obliegt ihr au\u00dferdem die Verteilung der Selbstbewirtschaftungsmittel (SBM). Als uni\u00fcbergreifende Studentenvertretungen verstehen sich die ZaPF (Zusammenkunft aller Physik-Fachschaften), welche halbj\u00e4hrig als Konferenz aller deutschsprachigen Physik-Fachschaften (u.a. auch aus \u00d6sterreich und der Schweiz) stattfindet, und die jDPG (junge Deutsche Physikalische Gesellschaft).<\/p>\n\n\n\n<h3 class=\"wp-block-heading\">Studierendenparlament<\/h3>\n\n\n\n<p>Das h\u00f6chste Uni-interne Gremium der \u201eVerfassten Studierendenschaft\u201c ist das&nbsp;<strong>Studierendenparlament<\/strong>&nbsp;(<em>StuPa<\/em>). Es kann quasi \u00fcber alle die Studierenden betreffenden Fragen entscheiden. Hier werden unter anderem der Haushaltsplan, sowie \u00fcber Wahl- und Beitragsordnungen (z.B. zum NRW-Ticket) und Grundsatzfragen entschieden. Einer geringen Gesamtbeteiligung zum Trotz geh\u00f6rt eine vergleichsweise hohe Wahlbeteiligung der Physiker zur guten Tradition in unser Fachschaft. Das StuPa stellt und kontrolliert au\u00dferdem den Allgemeinen Studierendenausschuss (<em>AStA<\/em>).<\/p>\n\n\n\n<h3 class=\"wp-block-heading\">Allgemeiner Studierendenausschuss<\/h3>\n\n\n\n<p>The\u00a0<em>AStA<\/em>\u00a0ist so etwas wie die Exekutive, die die StuPa-Beschl\u00fcsse umsetzt. Er ist die Vertretung der gesamten Studierendenschaft gegen\u00fcber Rektorat, Kanzler, Verwaltung usw. F\u00fcr die verschiedenen Aufgaben von Finanzen \u00fcber Bildung, Kultur, Politik bis zum Sozialen wurden sog. Referate eingerichtet, in die (neben Aktionen wie z.B. Zeitung, Demos) ein Gro\u00dfteil des Budgets geht. Au\u00dferdem bietet der <em>AStA <\/em>viele Serviceleistungen und Hilfe an (siehe <em>AStA<\/em> B\u00fcro in der EF50) und \u00fcberwacht er die Wahlen der Fachschaftsr\u00e4te.<\/p>\n\n\n\n<h3 class=\"wp-block-heading\">Senat<\/h3>\n\n\n\n<p>The&nbsp;<strong>Senat<\/strong>&nbsp;\u2013 im Sommersemester gew\u00e4hlt \u2013 ist so etwas wie das Parlament der Uni. Dabei darf er zwar nicht \u00fcber die Mittelverteilung oder Verwaltung entscheiden, ist aber f\u00fcr Belange in Lehre und Forschung, die die gesamte Hochschule betreffen, zust\u00e4ndig. \u00dcber Rahmenordnungen, wie Pr\u00fcfungsordnungen und Zulassungszahlen (N.C.) wird hier entschieden. Neben Befugnissen im Bezug auf zentrale Einrichtungen (Bib, Sprachenzentrum\u2026), kontrolliert der Senat das Rektorat. Dieses wird von Prof. Dr. Manfred Bayer geleitet und ist die oberste Leitung der Uni. Es hat das Sagen \u00fcber alles, was nicht ausdr\u00fccklich an Gremien deligiert wurde, wie die Geldmittelverteilung oder Fragen bzgl. der Personalentwicklung und Bebauung.<\/p>\n\n\n\n<h3 class=\"wp-block-heading\">Rektorat<\/h3>\n\n\n\n<p>Das&nbsp;<strong>Rektorat<\/strong>&nbsp;wird vom Hochschulrat gew\u00e4hlt, welcher aus acht explizit Uniexternen aus Wissenschaft, Kultur und Wirtschaft besteht, die vom Ministerium in D\u00fcsseldorf eingesetzt wurden.<\/p>","protected":false},"excerpt":{"rendered":"<p>StuPa, AStA, FsRK, Fachschaft, SenatInnerhalb der Fakult\u00e4t Physik gibt es zwei gro\u00dfe Gremien: Den Fakult\u00e4tsrat (FAR) und den Fachschaftsrat (FSR). Fakult\u00e4tsrat Der&nbsp;Fakult\u00e4tsrat&nbsp;(FAR) ist das h\u00f6chste Gremium innerhalb einer Fakult\u00e4t. Dort sitzen neben Professoren auch Vertreter der Studierenden und der wissenschaftlichen sowie technischen Mitarbeiter. Die Professoren sind jedoch in der Mehrheit. [&hellip;]<\/p>","protected":false},"author":49,"featured_media":6834,"parent":0,"menu_order":3,"comment_status":"closed","ping_status":"closed","template":"","meta":{"_themeisle_gutenberg_block_has_review":false,"footnotes":""},"class_list":["post-3375","page","type-page","status-publish","has-post-thumbnail","hentry"],"_links":{"self":[{"href":"https:\/\/fachschaft-physik.tu-dortmund.de\/wordpress\/en\/wp-json\/wp\/v2\/pages\/3375","targetHints":{"allow":["GET"]}}],"collection":[{"href":"https:\/\/fachschaft-physik.tu-dortmund.de\/wordpress\/en\/wp-json\/wp\/v2\/pages"}],"about":[{"href":"https:\/\/fachschaft-physik.tu-dortmund.de\/wordpress\/en\/wp-json\/wp\/v2\/types\/page"}],"author":[{"embeddable":true,"href":"https:\/\/fachschaft-physik.tu-dortmund.de\/wordpress\/en\/wp-json\/wp\/v2\/users\/49"}],"replies":[{"embeddable":true,"href":"https:\/\/fachschaft-physik.tu-dortmund.de\/wordpress\/en\/wp-json\/wp\/v2\/comments?post=3375"}],"version-history":[{"count":5,"href":"https:\/\/fachschaft-physik.tu-dortmund.de\/wordpress\/en\/wp-json\/wp\/v2\/pages\/3375\/revisions"}],"predecessor-version":[{"id":5555,"href":"https:\/\/fachschaft-physik.tu-dortmund.de\/wordpress\/en\/wp-json\/wp\/v2\/pages\/3375\/revisions\/5555"}],"wp:featuredmedia":[{"embeddable":true,"href":"https:\/\/fachschaft-physik.tu-dortmund.de\/wordpress\/en\/wp-json\/wp\/v2\/media\/6834"}],"wp:attachment":[{"href":"https:\/\/fachschaft-physik.tu-dortmund.de\/wordpress\/en\/wp-json\/wp\/v2\/media?parent=3375"}],"curies":[{"name":"wp","href":"https:\/\/api.w.org\/{rel}","templated":true}]}}