{"id":5288,"date":"2024-08-06T16:22:28","date_gmt":"2024-08-06T14:22:28","guid":{"rendered":"http:\/\/fachschaft-physik.tu-dortmund.de\/wordpress\/?page_id=5288"},"modified":"2025-10-07T14:01:11","modified_gmt":"2025-10-07T12:01:11","slug":"orientierungsphase","status":"publish","type":"page","link":"https:\/\/fachschaft-physik.tu-dortmund.de\/wordpress\/en\/ueberblick-erstsemester\/orientierungsphase\/","title":{"rendered":"Orientierungsphase"},"content":{"rendered":"<p class=\"has-background\" style=\"background-color:#fad645\"><em><strong>Disclaimer:<\/strong><\/em><br \/>Die Uhrzeit f\u00fcr die Informationsveranstaltung am 30.09. hat sich ge\u00e4ndert (13:00 &#8211;&gt; 13:30).<\/p>\n\n\n\n<p>Die Orientierungsphase liegt zeitlich kurz vor Beginn deines eigenen Studiums und umfasst einige von <a href=\"http:\/\/fachschaft-physik.tu-dortmund.de\/wordpress\/en\/die-fachschaft\/\">uns<\/a> organisierte Veranstaltungen. Diese Phase dient dazu, schon einmal vor eigentlichem Start des Physikstudiums ein paar Kontakte (auch zu h\u00f6heren Semestern) zu kn\u00fcpfen und deine <a href=\"https:\/\/de.wikipedia.org\/wiki\/Kommilitone\">Kommiliton*innen<\/a> besser kennenzulernen. Dazu organisieren wir unter anderem auch kleine Spieleabende und eine Campus-Tour, bei welcher du den Campus der TU Dortmund &#8211; prim\u00e4r den Nordcampus, da du dich dort am meisten aufhalten wirst &#8211; n\u00e4her zu Gesicht bekommst.<\/p>\n\n\n\n<p>Neben diesem Programm existiert noch das etwas fachlichere Vorkurs-Programm. Dieses befasst sich mit der potentiellen Aufarbeitung und Vorbereitung von Stoff f\u00fcr das kommende erste Semester. Mehr dazu findest du auf der <a href=\"http:\/\/fachschaft-physik.tu-dortmund.de\/wordpress\/en\/erstsemester\/vorkurse\/\">Vorkurs-Seite<\/a>.<\/p>\n\n\n\n<p>Bei Allgemeinen Fragen kannst du dir gern den Bereich &#8222;Erstsemester&#8220; etwas genauer ansehen, sollten deine Fragen dar\u00fcber hinaus reichen, kannst du dich auch gerne via Email an &#8222;<a href=\"mailto:fs.physik@tu-dortmund.de\">fs.physik@tu-dortmund.de<\/a>&#8220; direkt an den <a href=\"http:\/\/fachschaft-physik.tu-dortmund.de\/wordpress\/en\/die-fachschaft\/\">Student representative council<\/a> wenden.<\/p>\n\n\n\n<h2 class=\"wp-block-heading\">Das diesj\u00e4hrige Programm<\/h2>\n\n\n\n<p><em>Genaueres zu den einzelnen Punkten weiter unten&#8230;<\/em><\/p>\n\n\n\n<div>\n<table style=\"height: 30px;\" width=\"1100\">\n<tbody>\n<tr>\n<th width=\"15%\">Datum\n<\/th><th width=\"50%\">Veranstaltung\n<\/th><th width=\"35%\">Uhrzeit\n<\/th><\/tr>\n<tr>\n<td width=\"15%\">Di. 30.09.2025<\/td>\n<td width=\"50%\">Informationsveranstaltung (Pr\u00e4senz)<br \/>Spielenachmittag im Physikgeb\u00e4ude<\/td>\n<td width=\"35%\">13:30 Uhr (HG II HS 7 )<br \/>im Anschluss Spielenachmittag<\/td>\n<\/tr>\n<tr>\n<td width=\"15%\">Do. 02.10.2025<\/td>\n<td width=\"50%\">Informationsveranstaltung (<a href=\"https:\/\/tu-dortmund.zoom.us\/j\/9549293421?omn=93602690630\">Zoomlink<\/a>)<br \/>(Meeting-ID: 954 929 3421)<br \/>Spieleabend auf unserem <a href=\"https:\/\/fachschaft-physik.tu-dortmund.de\/wordpress\/en\/discord-server\/\">Discord server<\/a><\/td>\n<td width=\"35%\">19:00 Uhr<br \/>im Anschluss digitaler Spieleabend<\/td>\n<\/tr>\n<tr>\n<td width=\"15%\">Mo. 06.10.2025<\/td>\n<td width=\"50%\">Mathematikspiel &#038;<br \/>Flunkyball-Turnier <\/td>\n<td width=\"35%\">14:00 Uhr<br \/>(AV-Raum P2-E0-414)<\/td>\n<\/tr>\n<tr>\n<td width=\"15%\">Di. 07.10.2025<\/td>\n<td width=\"50%\">Campus-Rallye<br \/>&#038; Ersti-Grillen im Innenhof<\/td>\n<td width=\"35%\">14:00 Uhr (HG II HS 2)<br \/>Grillen im Anschluss<\/td>\n<\/tr>\n<tr>\n<td width=\"15%\">Do. 09.10.2025<\/td>\n<td width=\"50%\">Kneipentour durch die Dortmunder Stra\u00dfen<\/td>\n<td width=\"35%\">18:00 Uhr<br \/>Treffpunkt am Dortmunder Hbf (Haupteingang)<\/td>\n<\/tr>\n<\/tbody>\n<\/table>\n<\/div>\n\n\n\n<hr class=\"wp-block-separator has-alpha-channel-opacity is-style-default\"\/>\n\n\n\n<!--Ausgeblendet\n\n\n\n<h4 class=\"wp-block-heading\">IT-Einrichtungskurs<\/h4>\n\n\n\n<p>Das IT &amp; Medien Centrum der Universit\u00e4t bietet einen Einrichtungskurs f\u00fcr f\u00fcr verschiedene technische Angelegenheiten wie das Konfigurieren des WLAN-Passworts, des Unimail-Kontos und Weiterem an. Weitere Informationen zur Veranstaltung findet ihr unter <a href=\"https:\/\/service.tu-dortmund.de\/it-tu-go\">diesem Link<\/a>.<\/p>\n\n\n\n-->\n\n\n\n<h4 class=\"wp-block-heading\">Informationsveranstaltung mit anschlie\u00dfendem Spieleabend<\/h4>\n\n\n\n<p>Bei unseren Informationsveranstaltungen erfahrt ihr alles Wichtige, was ihr f\u00fcr den Anfang des Studiums braucht, sodass ihr am 13.10.2025 direkt zielgerichtet in eure Kurse starten k\u00f6nnt! Bringt dar\u00fcber hinaus auch eure eigenen Fragen mit, wir besprechen sie mit euch sehr gern. <br \/>Im Anschluss folgt ein analoger und ein digitaler Spielenachmittag\/abend, bei welchem wir mit euch diverseste kleine Spiele spielen, sodass ihr euch untereinander schon ein wenig kennenlernt, denn ihr werdet w\u00e4hrend des Studiums in kleinen Gruppen eng zusammenarbeiten, bleibt daher nach der Veranstaltung bei uns und lernt eure neuen Kommiliton*innen kennen!<\/p>\n\n\n\n<h4 class=\"wp-block-heading\">Kneipentour<\/h4>\n\n\n\n<p>Gerade zu Beginn des Studiums sehnt man sich nach einem Ausgleich nach einem langen Tag in der Uni. Bei der Kneipentour ziehen wir mit euch am Abend in kleinen gef\u00fchrten Gruppen durch die Dortmunder Innenstadt und besuchen ein paar Kneipen, bei denen man den Tag mit ein paar Freunden nach einer stressigen Woche wunderbar ausklingen lassen kann.<\/p>\n\n\n\n<h4 class=\"wp-block-heading\">Campus-Rallye und Erstsemester-Grillen<\/h4>\n\n\n\n<p>Am Tag der Campus-Rallye nehmen wir euch mit auf eine Reise \u00fcber den Nord-Campus, auf welcher ihr spielerisch die wichtigsten Orte der Universit\u00e4t kennenlernt. Da der Campus ziemlich gro\u00df ist, wird unsere kleine Tour \u00fcber eine etwas l\u00e4ngere Zeit andauern. Gegen 18:00 Uhr werden wir dann an unserer und eurer zuk\u00fcnftigen Fakult\u00e4t ankommen. <br \/>In der Zwischenzeit haben die Veranstaltungsbeauftragten des Fachschaftsrats bereits den Grill angeworfen. Gegrillt werden W\u00fcrstchen im Br\u00f6tchen, dar\u00fcber hinaus ist auch f\u00fcr vegane und vegetarische W\u00fcrstchen gesorgt. Ein paar k\u00fchle K\u00e4sten Bier oder Softgetr\u00e4nke stehen ebenfalls bereit.<br \/><br \/>Wir freuen uns auf einen angenehmen Abend mit euch!<br \/>Euer <a href=\"https:\/\/fachschaft-physik.tu-dortmund.de\/wordpress\/en\/die-fachschaft\/\">Student representative council<\/a><\/p>\n\n\n\n<h2 class=\"wp-block-heading\">WhatsApp invitation link request form<\/h2>\n\n\n\n<p>You will receive all important information about orientation week in the WhatsApp groups. You can also ask questions about your studies, the orientation week schedule, or anything else there, and we will be happy to answer them. You may even be able to chat with your future fellow students. The dates for orientation week and further information can be found in the group descriptions!<\/p>\n\n\n\n<p>We have set up separate groups for physics students and medical physics\/teacher training students. Please join the appropriate group as soon as you receive the links. \ud83d\ude42<\/p>\n\n\n<div class=\"wpforms-container wpforms-container-full wpforms-block wpforms-block-996a326f-b0d1-4611-bbe5-b7f18e9674ca\" id=\"wpforms-7165\"><form id=\"wpforms-form-7165\" class=\"wpforms-validate wpforms-form wpforms-ajax-form\" data-formid=\"7165\" method=\"post\" enctype=\"multipart\/form-data\" action=\"\/wordpress\/en\/wp-json\/wp\/v2\/pages\/5288\" data-token=\"2c5618a622fcd0e847f995645f06c35c\" data-token-time=\"1775605475\" data-trp-original-action=\"\/wordpress\/en\/wp-json\/wp\/v2\/pages\/5288\"><noscript class=\"wpforms-error-noscript\">Please enable JavaScript in your browser to complete this form.<\/noscript><div class=\"wpforms-field-container\"><div id=\"wpforms-7165-field_1-container\" class=\"wpforms-field wpforms-field-name\" data-field-id=\"1\"><label class=\"wpforms-field-label\">Name<\/label><div class=\"wpforms-field-row wpforms-field-medium\"><div class=\"wpforms-field-row-block wpforms-first wpforms-one-half\"><input type=\"text\" id=\"wpforms-7165-field_1\" class=\"wpforms-field-name-first\" name=\"wpforms[fields][1][first]\" ><label for=\"wpforms-7165-field_1\" class=\"wpforms-field-sublabel after\">First<\/label><\/div><div class=\"wpforms-field-row-block wpforms-one-half\"><input type=\"text\" id=\"wpforms-7165-field_1-last\" class=\"wpforms-field-name-last\" name=\"wpforms[fields][1][last]\" ><label for=\"wpforms-7165-field_1-last\" class=\"wpforms-field-sublabel after\">Last<\/label><\/div><\/div><\/div>\t\t<div id=\"wpforms-7165-field_3-container\"\n\t\t\tclass=\"wpforms-field wpforms-field-text\"\n\t\t\tdata-field-type=\"text\"\n\t\t\tdata-field-id=\"3\"\n\t\t\t>\n\t\t\t<label class=\"wpforms-field-label\" for=\"wpforms-7165-field_3\" >E-Mail-Adresse Name<\/label>\n\t\t\t<input type=\"text\" id=\"wpforms-7165-field_3\" class=\"wpforms-field-medium\" name=\"wpforms[fields][3]\" >\n\t\t<\/div>\n\t\t<div id=\"wpforms-7165-field_2-container\" class=\"wpforms-field wpforms-field-email\" data-field-id=\"2\"><label class=\"wpforms-field-label\" for=\"wpforms-7165-field_2\">E-Mail Address<\/label><input type=\"email\" id=\"wpforms-7165-field_2\" class=\"wpforms-field-medium\" data-rule-restricted-email=\"1\" name=\"wpforms[fields][2]\" placeholder=\"yourtumail@tu-dortmund.de\" spellcheck=\"false\" ><div class=\"wpforms-field-description\">Please enter your \u201c@tu-dortmund.de\u201d address here. Other email addresses will not receive the automatically generated confirmation with the WhatsApp link.<\/div><\/div><script>\n\t\t\t\t( function() {\n\t\t\t\t\tconst style = document.createElement( 'style' );\n\t\t\t\t\tstyle.appendChild( document.createTextNode( '#wpforms-7165-field_3-container { position: absolute !important; overflow: hidden !important; display: inline !important; height: 1px !important; width: 1px !important; z-index: -1000 !important; padding: 0 !important; } #wpforms-7165-field_3-container input { visibility: hidden; } #wpforms-conversational-form-page #wpforms-7165-field_3-container label { counter-increment: none; }' ) );\n\t\t\t\t\tdocument.head.appendChild( style );\n\t\t\t\t\tdocument.currentScript?.remove();\n\t\t\t\t} )();\n\t\t\t<\/script><\/div><!-- .wpforms-field-container --><div class=\"wpforms-submit-container\" ><input type=\"hidden\" name=\"wpforms[id]\" value=\"7165\"><input type=\"hidden\" name=\"page_title\" value=\"\"><input type=\"hidden\" name=\"page_url\" value=\"https:\/\/fachschaft-physik.tu-dortmund.de\/wordpress\/en\/wp-json\/wp\/v2\/pages\/5288\"><input type=\"hidden\" name=\"url_referer\" value=\"\"><button type=\"submit\" name=\"wpforms[submit]\" id=\"wpforms-submit-7165\" class=\"wpforms-submit\" data-alt-text=\"Wird gesendet\u00a0\u2026\" data-submit-text=\"Absenden\" aria-live=\"assertive\" value=\"wpforms-submit\">Send<\/button><img decoding=\"async\" src=\"https:\/\/fachschaft-physik.tu-dortmund.de\/wordpress\/wp-content\/plugins\/wpforms-lite\/assets\/images\/submit-spin.svg\" class=\"wpforms-submit-spinner\" style=\"display: none;\" width=\"26\" height=\"26\" alt=\"Loading\"><\/div><input type=\"hidden\" name=\"trp-form-language\" value=\"en\"\/><\/form><\/div>  <!-- .wpforms-container -->\n\n\n<p><\/p>","protected":false},"excerpt":{"rendered":"<p>Disclaimer:Die Uhrzeit f\u00fcr die Informationsveranstaltung am 30.09. hat sich ge\u00e4ndert (13:00 &#8211;&gt; 13:30). Die Orientierungsphase liegt zeitlich kurz vor Beginn deines eigenen Studiums und umfasst einige von uns organisierte Veranstaltungen. Diese Phase dient dazu, schon einmal vor eigentlichem Start des Physikstudiums ein paar Kontakte (auch zu h\u00f6heren Semestern) zu kn\u00fcpfen [&hellip;]<\/p>","protected":false},"author":54,"featured_media":7128,"parent":5304,"menu_order":0,"comment_status":"closed","ping_status":"closed","template":"","meta":{"_themeisle_gutenberg_block_has_review":false,"footnotes":""},"class_list":["post-5288","page","type-page","status-publish","has-post-thumbnail","hentry"],"_links":{"self":[{"href":"https:\/\/fachschaft-physik.tu-dortmund.de\/wordpress\/en\/wp-json\/wp\/v2\/pages\/5288","targetHints":{"allow":["GET"]}}],"collection":[{"href":"https:\/\/fachschaft-physik.tu-dortmund.de\/wordpress\/en\/wp-json\/wp\/v2\/pages"}],"about":[{"href":"https:\/\/fachschaft-physik.tu-dortmund.de\/wordpress\/en\/wp-json\/wp\/v2\/types\/page"}],"author":[{"embeddable":true,"href":"https:\/\/fachschaft-physik.tu-dortmund.de\/wordpress\/en\/wp-json\/wp\/v2\/users\/54"}],"replies":[{"embeddable":true,"href":"https:\/\/fachschaft-physik.tu-dortmund.de\/wordpress\/en\/wp-json\/wp\/v2\/comments?post=5288"}],"version-history":[{"count":68,"href":"https:\/\/fachschaft-physik.tu-dortmund.de\/wordpress\/en\/wp-json\/wp\/v2\/pages\/5288\/revisions"}],"predecessor-version":[{"id":7233,"href":"https:\/\/fachschaft-physik.tu-dortmund.de\/wordpress\/en\/wp-json\/wp\/v2\/pages\/5288\/revisions\/7233"}],"up":[{"embeddable":true,"href":"https:\/\/fachschaft-physik.tu-dortmund.de\/wordpress\/en\/wp-json\/wp\/v2\/pages\/5304"}],"wp:featuredmedia":[{"embeddable":true,"href":"https:\/\/fachschaft-physik.tu-dortmund.de\/wordpress\/en\/wp-json\/wp\/v2\/media\/7128"}],"wp:attachment":[{"href":"https:\/\/fachschaft-physik.tu-dortmund.de\/wordpress\/en\/wp-json\/wp\/v2\/media?parent=5288"}],"curies":[{"name":"wp","href":"https:\/\/api.w.org\/{rel}","templated":true}]}}