{"id":5304,"date":"2024-07-27T01:54:28","date_gmt":"2024-07-26T23:54:28","guid":{"rendered":"https:\/\/fachschaft-physik.tu-dortmund.de\/wordpress\/?page_id=5304"},"modified":"2025-10-05T16:12:46","modified_gmt":"2025-10-05T14:12:46","slug":"ueberblick-erstsemester","status":"publish","type":"page","link":"https:\/\/fachschaft-physik.tu-dortmund.de\/wordpress\/en\/ueberblick-erstsemester\/","title":{"rendered":"\u00dcberblick: Erstsemester"},"content":{"rendered":"<p class=\"translation-block\">As first-year students\u2014or \u201cfreshmen,\u201d as they are affectionately known\u2014there are a few things you need to take care of in the weeks leading up to the start of your studies. We will try to give you a brief overview of these below. You will also find an invitation link to our first-year WhatsApp group. Sign up using your @tu-dortmund.de email address!<\/p>\n\n\n\n<p class=\"translation-block\">Before we even begin with the procedures, you should first enroll in the degree program. At TU Dortmund University, this is expected to be possible until the beginning of October 2025 (subject to change). However, your actual information events and our orientation programs will start a little earlier. In general, the beginning can be a little overwhelming, so it's easy to lose track of things, but that was probably the case for all of us. You will receive important information from us via a WhatsApp group, which you can access via a form on our website (coming soon), which you can find here and on the orientation phase page. As soon as you have received your \u201c@tu-dortmund.de\u201d email addresses from the university, you can use your university email address to subscribe to our email distribution list, where we send out emails relevant to all physics students.<\/p>\n\n\n\n<p class=\"translation-block\">Once you have successfully enrolled, you can participate in the programs. The first step is to take the mandatory math self-test on the faculty website. You do not have to \u201cpass\u201d this test; it is merely intended to help you assess your level of proficiency in basic mathematical techniques for the upcoming semester. This test is followed by a wide range of courses offered by the faculty, known as preparatory courses.<\/p>\n\n\n\n<p class=\"translation-block\">The preparatory courses are not only intended to refresh your knowledge of school material if you did not perform well on the test, but also to help you practice new basics specifically for the coming semester. Regardless of how well you did on the test, participation in certain preparatory courses is definitely recommended. You can find more information on this really important topic on the Preliminary Courses page or under the tab First Semester \u2013&gt; Preliminary Courses.<\/p>\n\n\n\n<p class=\"translation-block\">Our orientation program, or orientation phase, runs parallel to the preliminary courses. During this time, we provide you with important information for the early stages of your studies. We will also take you on a tour of the campus, organize small game nights, and hold many other small events so that you can get to know your future fellow students and us better. You may also be able to make contact with students in higher semesters, who can give you an insight into what to expect later in your studies. You can find more information on the orientation phase page.<\/p>\n\n\n\n<p class=\"translation-block\">This is roughly what will happen in the few weeks before you actually start your studies, but we may have forgotten something, so be sure to check the faculty website to make sure you don't miss any other events. You can usually find our events in our calendar.<\/p>\n\n\n\n<p>Please feel free to subscribe to our email distribution list so you don't miss anything important. Also, take a look at the sidebar on the right under \u201cSocial Media\u201d on Instagram or our Telegram group, where we actively share information!<\/p>\n\n\n\n<p class=\"translation-block\">If you have any questions, please don't hesitate to send us an email at \u201cfs.physik@tu-dortmund.de\u201d! If you would like to contact a specific person at our company, you will find all the relevant contact information in the Contact section.<\/p>\n\n\n\n<h2 class=\"wp-block-heading\">WhatsApp invitation link request form<\/h2>\n\n\n\n<p>You will receive all important information about orientation week in the WhatsApp groups. You can also ask questions about your studies, the orientation week schedule, or anything else there, and we will be happy to answer them. You may even be able to chat with your future fellow students. The dates for orientation week and further information can be found in the group descriptions!<\/p>\n\n\n\n<p>We have set up separate groups for physics students and medical physics\/teacher training students. Please join the appropriate group as soon as you receive the links. \ud83d\ude42<\/p>\n\n\n<div class=\"wpforms-container wpforms-container-full wpforms-block wpforms-block-dcd2cb2a-3263-4031-be0b-9a1085f0e62d\" id=\"wpforms-7165\"><form id=\"wpforms-form-7165\" class=\"wpforms-validate wpforms-form wpforms-ajax-form\" data-formid=\"7165\" method=\"post\" enctype=\"multipart\/form-data\" action=\"\/wordpress\/en\/wp-json\/wp\/v2\/pages\/5304\" data-token=\"2c5618a622fcd0e847f995645f06c35c\" data-token-time=\"1775563199\" data-trp-original-action=\"\/wordpress\/en\/wp-json\/wp\/v2\/pages\/5304\"><noscript class=\"wpforms-error-noscript\">Please enable JavaScript in your browser to complete this form.<\/noscript><div class=\"wpforms-field-container\"><div id=\"wpforms-7165-field_1-container\" class=\"wpforms-field wpforms-field-name\" data-field-id=\"1\"><label class=\"wpforms-field-label\">Name<\/label><div class=\"wpforms-field-row wpforms-field-medium\"><div class=\"wpforms-field-row-block wpforms-first wpforms-one-half\"><input type=\"text\" id=\"wpforms-7165-field_1\" class=\"wpforms-field-name-first\" name=\"wpforms[fields][1][first]\" ><label for=\"wpforms-7165-field_1\" class=\"wpforms-field-sublabel after\">First<\/label><\/div><div class=\"wpforms-field-row-block wpforms-one-half\"><input type=\"text\" id=\"wpforms-7165-field_1-last\" class=\"wpforms-field-name-last\" name=\"wpforms[fields][1][last]\" ><label for=\"wpforms-7165-field_1-last\" class=\"wpforms-field-sublabel after\">Last<\/label><\/div><\/div><\/div>\t\t<div id=\"wpforms-7165-field_3-container\"\n\t\t\tclass=\"wpforms-field wpforms-field-text\"\n\t\t\tdata-field-type=\"text\"\n\t\t\tdata-field-id=\"3\"\n\t\t\t>\n\t\t\t<label class=\"wpforms-field-label\" for=\"wpforms-7165-field_3\" >E-Mail-Adresse Name<\/label>\n\t\t\t<input type=\"text\" id=\"wpforms-7165-field_3\" class=\"wpforms-field-medium\" name=\"wpforms[fields][3]\" >\n\t\t<\/div>\n\t\t<div id=\"wpforms-7165-field_2-container\" class=\"wpforms-field wpforms-field-email\" data-field-id=\"2\"><label class=\"wpforms-field-label\" for=\"wpforms-7165-field_2\">E-Mail Address<\/label><input type=\"email\" id=\"wpforms-7165-field_2\" class=\"wpforms-field-medium\" data-rule-restricted-email=\"1\" name=\"wpforms[fields][2]\" placeholder=\"yourtumail@tu-dortmund.de\" spellcheck=\"false\" ><div class=\"wpforms-field-description\">Please enter your \u201c@tu-dortmund.de\u201d address here. Other email addresses will not receive the automatically generated confirmation with the WhatsApp link.<\/div><\/div><script>\n\t\t\t\t( function() {\n\t\t\t\t\tconst style = document.createElement( 'style' );\n\t\t\t\t\tstyle.appendChild( document.createTextNode( '#wpforms-7165-field_3-container { position: absolute !important; overflow: hidden !important; display: inline !important; height: 1px !important; width: 1px !important; z-index: -1000 !important; padding: 0 !important; } #wpforms-7165-field_3-container input { visibility: hidden; } #wpforms-conversational-form-page #wpforms-7165-field_3-container label { counter-increment: none; }' ) );\n\t\t\t\t\tdocument.head.appendChild( style );\n\t\t\t\t\tdocument.currentScript?.remove();\n\t\t\t\t} )();\n\t\t\t<\/script><\/div><!-- .wpforms-field-container --><div class=\"wpforms-submit-container\" ><input type=\"hidden\" name=\"wpforms[id]\" value=\"7165\"><input type=\"hidden\" name=\"page_title\" value=\"\"><input type=\"hidden\" name=\"page_url\" value=\"https:\/\/fachschaft-physik.tu-dortmund.de\/wordpress\/en\/wp-json\/wp\/v2\/pages\/5304\"><input type=\"hidden\" name=\"url_referer\" value=\"\"><button type=\"submit\" name=\"wpforms[submit]\" id=\"wpforms-submit-7165\" class=\"wpforms-submit\" data-alt-text=\"Wird gesendet\u00a0\u2026\" data-submit-text=\"Absenden\" aria-live=\"assertive\" value=\"wpforms-submit\">Send<\/button><img decoding=\"async\" src=\"https:\/\/fachschaft-physik.tu-dortmund.de\/wordpress\/wp-content\/plugins\/wpforms-lite\/assets\/images\/submit-spin.svg\" class=\"wpforms-submit-spinner\" style=\"display: none;\" width=\"26\" height=\"26\" alt=\"Loading\"><\/div><input type=\"hidden\" name=\"trp-form-language\" value=\"en\"\/><\/form><\/div>  <!-- .wpforms-container -->","protected":false},"excerpt":{"rendered":"<p>Als Erstsemester &#8211; oder auch nett &#8222;Ersties&#8220; genannt &#8211; kommen bereits in den Wochen vor eurem Studium einige Dinge auf euch zu. Wir versuchen euch dar\u00fcber zun\u00e4chst einen kleinen \u00dcberblick zu geben. Weiter unten findet ihr einen Einladungslink f\u00fcr unsere Erstsemester-WhatsAppgruppe. Tragt euch dort mit eurer @tu-dortmund.de-Mailadresse ein! Bevor wir [&hellip;]<\/p>","protected":false},"author":54,"featured_media":7124,"parent":0,"menu_order":0,"comment_status":"closed","ping_status":"closed","template":"","meta":{"_themeisle_gutenberg_block_has_review":false,"footnotes":""},"class_list":["post-5304","page","type-page","status-publish","has-post-thumbnail","hentry"],"_links":{"self":[{"href":"https:\/\/fachschaft-physik.tu-dortmund.de\/wordpress\/en\/wp-json\/wp\/v2\/pages\/5304","targetHints":{"allow":["GET"]}}],"collection":[{"href":"https:\/\/fachschaft-physik.tu-dortmund.de\/wordpress\/en\/wp-json\/wp\/v2\/pages"}],"about":[{"href":"https:\/\/fachschaft-physik.tu-dortmund.de\/wordpress\/en\/wp-json\/wp\/v2\/types\/page"}],"author":[{"embeddable":true,"href":"https:\/\/fachschaft-physik.tu-dortmund.de\/wordpress\/en\/wp-json\/wp\/v2\/users\/54"}],"replies":[{"embeddable":true,"href":"https:\/\/fachschaft-physik.tu-dortmund.de\/wordpress\/en\/wp-json\/wp\/v2\/comments?post=5304"}],"version-history":[{"count":21,"href":"https:\/\/fachschaft-physik.tu-dortmund.de\/wordpress\/en\/wp-json\/wp\/v2\/pages\/5304\/revisions"}],"predecessor-version":[{"id":7230,"href":"https:\/\/fachschaft-physik.tu-dortmund.de\/wordpress\/en\/wp-json\/wp\/v2\/pages\/5304\/revisions\/7230"}],"wp:featuredmedia":[{"embeddable":true,"href":"https:\/\/fachschaft-physik.tu-dortmund.de\/wordpress\/en\/wp-json\/wp\/v2\/media\/7124"}],"wp:attachment":[{"href":"https:\/\/fachschaft-physik.tu-dortmund.de\/wordpress\/en\/wp-json\/wp\/v2\/media?parent=5304"}],"curies":[{"name":"wp","href":"https:\/\/api.w.org\/{rel}","templated":true}]}}