{"id":648,"date":"2014-04-22T01:38:29","date_gmt":"2014-04-22T00:38:29","guid":{"rendered":"http:\/\/fachschaft-physik.tu-dortmund.de\/wordpress\/?page_id=648"},"modified":"2024-11-03T18:08:18","modified_gmt":"2024-11-03T17:08:18","slug":"das-physik-studium","status":"publish","type":"page","link":"https:\/\/fachschaft-physik.tu-dortmund.de\/wordpress\/en\/studieninteressierte\/das-physik-studium\/","title":{"rendered":"Physikstudium: Ein Bericht"},"content":{"rendered":"<p>Hallo ihr ganzen AbiturientInnen, die ihr auf der Suche nach Informationen \u00fcber das Physik-Studium auf der Seite der Fachschaft gelandet seid.<\/p>\n<p>Ich neige leider dazu, sehr lange Texte zu schreiben, aber ich finde, jeder Abschnitt hier ist interessant, wenn man noch keine Ahnung vom Studieren hat, wie es halt nach dem ABI nun mal so ist. Wenn einer \u00fcberfl\u00fcssig w\u00e4re, h\u00e4tte ich ihn gel\u00f6scht. Das zeugt von Qualit\u00e4t \ud83d\ude1b (und Rechtschreibfehler d\u00fcrft ihr als Bonus behalten)<\/p>\n<p>Es ist sch\u00f6n, dass ihr euch f\u00fcr Physik interessiert und diese Seite gefunden habt. H\u00f6chst\u00a0 wahrscheinlich hat von euch noch niemand eine Ahnung, ob er wirklich Physik studieren will oder wie \u00fcberhaupt irgendein Studium abl\u00e4uft. Das ist alles kein Beinbruch, mir ging es genauso und ich will ein paar meiner Erfahrungen mit euch teilen:<\/p>\n<p>Die Physik ist ein sehr vielf\u00e4ltiger Bereich und daher werdet ihr von jedem, den ihr fragt, \u00e4u\u00dferst \u00fcberzeugend v\u00f6llig verschiedene Sachen \u00fcber das Studium h\u00f6ren. Es gibt einen gro\u00dfen Teil Mathematik (besonders in den ersten 4 Semestern), einen riiiiesen Teil Physik (dessen Ende man auch im 6. Semester noch nicht erahnen kann) und genug spannende Nebenf\u00e4cher wie Informatik und Chemie um sich auszutoben.<\/p>\n<p><em>Generell ein guter Tipp f\u00fcr jedes Fach: Geht zur Uni und sprecht mit den Studenten. Jeder von uns war auch mal Sch\u00fcler und musste sich f\u00fcr ein Fach entscheiden. Ihr glaubt garnicht, wie hilfsbereit Studenten sein k\u00f6nnen. Bessere Infos kriegt ihr nicht!<\/em><\/p>\n<p><strong>Ist Physik das richtige Fach f\u00fcr mich?<\/strong><br \/>\nDas kann ich dir leider nicht beantworten. Ich selbst wusste es bei mir auch nicht, bis ich angefangen habe zu studieren. Ich wusste nur: ich will studieren und mag Naturwissenschaften. Die Vorstellung an ein Mathestudium war mir zu trocken und mit Chemie bin ich nie richtig warm geworden. Computer mag ich, aber ich wollte auch nicht nur davor hocken&#8230; also ist es bei mir Physik geworden. Punkt.<\/p>\n<p>Ich kann dir aber sagen, mit welchen Eigenschaften du dich ebenfalls eignen k\u00f6nntest:<br \/>\nWenn du schon immer wissen wolltest, wie alles in der Welt zusammen h\u00e4ngt, wenn du schon mal aus Interesse Artikel \u00fcber Schwarze L\u00f6cher oder \u00e4hnliches bei Wikipedia liest, wenn du &#8222;Star Trek&#8220;, &#8222;Star Gate&#8220; und &#8222;Big Bang Theory&#8220; gut findest, wenn du als Kind gerne mit Magneten und vielleicht irgendwelchen Elektrobauk\u00e4sten rumgespielt hast, wenn dich Computer interessieren und du Programmieren kannst oder es immer schon mal lernen wolltest, dann bist du hier schonmal nicht komplett verkehrt. Wenn logisches Denken f\u00fcr dich im Allgemeinen vor Auswendiglernen steht, hast du hier gute Chancen. Die meisten von uns scheinen zudem in Deutschklausuren nie die l\u00e4ngsten Abgaben gemacht zu haben, sondern haben sich lieber auf das Wesentliche beschr\u00e4nkt und trotzdem ne ordentliche Note bekommen. Vielleicht kommt dir das bekannt vor \ud83d\ude1b<\/p>\n<p><em>(Nichts davon muss nat\u00fcrlich auf dich passen. Das oben beschreibt mich und ich bin mit der Physik sehr gl\u00fccklich. Wenn du dich darin wiederfindest, bist du hier vielleicht auch gut aufgehoben. Einfacher Kausal-Schluss \ud83d\ude09 )<\/em><\/p>\n<p><strong>Die Physik<\/strong><br \/>\nPhysik ist ein weites Feld. Wenn dich speziell nur Elektronik interessiert, dann solltest du lieber Elektrotechnik oder Maschinenbau studieren. Wenn du Atome faszinierend findest und gerne Chemikalien mischst, dann studiere Chemie. Wenn du beides und noch v\u00f6llig andere Bereiche interessant findest; in keinem davon unbedingt ein Fachmann werden willst, sondern in erster Linie deine pers\u00f6nliche Neugier befriedigen willst, weil es dich interessiert! dann solltest du Physik studieren. Wenn du nicht wissen willst, wie du ein Auto baust, sondern warum es f\u00e4hrt, dich also das Innerste vom Innersten interessiert, gibt dir Physik die Antwort.<br \/>\nIn den anderen F\u00e4chern rechnest du mit Formeln. Hier werden die Formeln hergeleitet. Hier erf\u00e4hrst du, WARUM etwas ist, wie es ist.<br \/>\nPhysiker k\u00f6nnen das Gleiche wie Chemiker, Elektrotechniker, Informatiker, Maschbauer, Statiker,&#8230; und wer wei\u00df welche F\u00e4cher es noch gibt. Wir k\u00f6nnen nat\u00fcrlich nichts davon so gut, als h\u00e4tten wir das Fach komplett studiert, aber daf\u00fcr stecken wir nicht fest, sobald wir ein Gebiet verlassen. Wir haben ein breites Grundger\u00fcst an Wissen und wissen, wie man einen Bereich mit dem anderen verkn\u00fcpft. Und wenn man etwas nicht weis, dann wird gegoogelt oder in einem Buch nachgeschlagen. Das mag etwas dauern, aber wir stecken nicht fest. Wir sind Probleml\u00f6ser f\u00fcr komplexe Fragen und die beschr\u00e4nken sich meist nicht auf ein Gebiet. Auf dem Arbeitsmarkt werden wir daf\u00fcr gesch\u00e4tzt, logisch denken zu k\u00f6nnen und das ist quasi das Zentrale, was du in diesem Studium mit auf den Weg bekommen wirst: logisches Denken und ein breites Band von Wissen.<\/p>\n<p>Im Zweifel sollte man sich einfach mutig f\u00fcr ein Fach entscheiden. Wenn du denkst, dass Physik etwas f\u00fcr dich sein k\u00f6nnte, versuchs! Wenns vielleicht doch eher Mathe ist, auch gut! Im ersten Semester brechen viele ihr Studium ab, nicht weil sie es nicht schaffen, sondern weil sie gemerkt haben, dass es doch nicht das richtige war. Das ist nicht schlimm. Solange man daraus was \u00fcber sich gelernt hat, war das kein verlorenes Semester. Das ist besser als sein Leben lang mit dem falschen Fach\/Beruf unzufrieden sein nochmal deutlich besser als garnicht erst zu studieren, weil man zuviel Angst vor einer Fehlentscheidung hatte&#8230;<\/p>\n<p><strong>Zum Studium:<\/strong><\/p>\n<p>Die \u00fcblichen Reaktionen darauf, wenn ich erz\u00e4hle: &#8222;Ich studiere Physik&#8220;, sind in etwa die Folgenden:<\/p>\n<ul>\n<li>&#8222;OMG!&#8220;<\/li>\n<li>&#8222;Also da war ich in der Schule ja immer schlecht drin&#8230;&#8220;<\/li>\n<li>&#8222;OMG!&#8220;<\/li>\n<li>&#8222;auf Lehramt?&#8230;&#8220;<\/li>\n<\/ul>\n<p>Grade die Frage auf Lehramt bringt mich immer zum Schmunzeln :D. Alle denken immer, dass Physik auf Lehramt viel einfacher als das Bachelorstudium w\u00e4re. Um das gleich hier klar zu stellen: Lehr\u00e4mtler haben in den ersten 4 Semestern die gleiche Vorlesung wie wir auch + ein zweites Fach + Didaktik, ergo mehr F\u00e4cher und damit aufwendiger. Nach dem 4. Semester sind die Wahlbereiche anders als unsere, aber einfacher ist es trotzdem nicht.<\/p>\n<p>Die anderen 3 Punkte gehen auf die Vorstellung zur\u00fcck, dass Physik ein hammerhartes Studium sei, das nur sozial verarmte Genies durchhalten k\u00f6nnen. Das stimmt nicht. Das Studium ist nicht leicht, aber das ist keines. Der Abstand Abitur-Universit\u00e4t ist nochmal etwa der gleiche wie Sekundarstufe I &#8211; Abitur, mindestens. Trotzdem ist es gut machbar, man w\u00e4chst halt mit seinen Aufgaben und nach ein paar Wochen kommt es einem so vor, als w\u00e4re es nie anders gewesen. Nebenbei macht die Physik die meisten Grillfeiern, das gr\u00f6\u00dfte Campusfest (Big Bang) und im Tanzkurs sind immer mehr als 10% Physiker-Paare. Von wegen sozial verarmt&#8230;<\/p>\n<p>Trotzdem eignet sich nicht jeder f\u00fcr das Physik-Studium. Neben Fleis braucht man mathematisches Verst\u00e4ndnis, Abstraktionsverm\u00f6gen und logisches Denken. All das sind Dinge, die ihr im Studium sehr ausbauen werdet (ihr werdet genug \u00dcbungszettel rechnen, glaubt mir), aber wenn man das \u00fcberhaupt nicht hat, ist es quasi unm\u00f6glich das zu lernen. Diese Leute kommen in der Schule auch nie mit Textaufgaben zurecht. Wenn ihr stattdessen gut auswendig lernen k\u00f6nnt, solltet ihr vielleicht Jura oder so studieren.<br \/>\nDas k\u00f6nnte ich zum Beispiel bestimmt nicht.<\/p>\n<p><strong>Die F\u00e4cher:<\/strong><\/p>\n<p><strong>Mathematik:<\/strong><br \/>\nIn Physik gehts leider nicht ohne Mathe. Ihr werdet jede Woche rechnen, ihr werdet viel rechnen und ihr werdet echt teilweise kranke Sachen ausrechnen. Sachen die so verr\u00fcckt sind, dass sie schon wieder cool sind (und am Ende doch Spa\u00df gemacht haben).<br \/>\nWenn ihr euch mit einer 4,0 im Mathe-GK durchs ABI gerettet habt, w\u00fcrde ich mir \u00fcberlegen, ob ihr euch wirklich ein Physikstudium antun wollt. Es ist aber keineswegs n\u00f6tig, mit Glanznoten im LK gesessen zu haben. Im Studium geht es quasi nochmal bei 0 los. Erinnert ihr euch noch an die 5. Klasse? Erste Woche nur Grundrechenarten wiederholt. Im Studium wiederholt ihr in der ersten Woche das Abitur. \ud83d\ude00<br \/>\nEs ist echt ern\u00fcchternd, wenn man in der ersten Vorlesung sitzt und das hart erk\u00e4mpfte Wissen der letzten Jahre auf den Folien vorbeizieht, aber so ist es in jedem Studium. Die Uni ist halt kein Ponyhof. Je nachdem, wie gut ihr jetzt in der Schule wart, k\u00f6nnt ihr entweder abschalten und den Vortrag genie\u00dfen, oder euch darauf einstellen, dass ihr in den ersten 2 Wochen viel wiederholen d\u00fcrft, bis ihr mit dem Rest auf einem Level seid.<br \/>\nIch sage das nicht, weil ich euch abschrecken will. Im Gegenteil, wenn man sich darauf einstellt und gewillt ist, zu lernen, kann meiner Meinung nach JEDER Physik studieren. Das Problem ist nur, wenn man Mathe seit der Schule hasst, dann hat es keinen Sinn sich weiter darin zu vertiefen.<\/p>\n<p>Aber wenn ihr schon bis hierher gelesen habt und euch die M\u00fche gemacht habt, diese Seite zu besuchen, dann gehe ich davon aus, dass euch Physik wirklich interessiert. Und ich kann aus pers\u00f6nlich Erfahrung sagen, niemand, den Physik interessiert, scheitert an der Mathematik. Ja, man kann trotzdem durchfallen &#8211; nein, man muss die Mathevorlesung nicht m\u00f6gen &#8211; aber es ist nicht so schlimm, wie man vor dem Studium glaubt.<\/p>\n<p><strong>Physik:<\/strong><br \/>\nDie eigentliche Vorlesung&#8230; Hier kommt wirklich alles dran. Ihr kennt die Formeln aus eurer Formelsammlung f\u00fcrs Abitur? Jetzt lernt ihr auch woher die kommen. Jeder Bereich, den ihr schonmal in der Schule hattet, angefangen bei Mechanik, wird nochmal abgehandelt<br \/>\n<em>(Wichtig: Ihr braucht nicht im Mathe und Physik LK gewesen zu sein, um Physik zu studieren. Ich kenne genug mit Mathe-Bio, oder auch Bio-Physik, denen weder was in Mathe noch in Physik fehlt. LK-Wissen deckt im Studium die ersten 2 Wochen ab. Danach sind die LK Leute genauso aufgeschmissen wie der Rest auch :-P)<\/em><br \/>\nund ihr leitet die meisten Gleichungen von Grund auf her. Dazu kommen jede Menge Differentialgleichungen (glaubt mir, wenn ihr die so wie ich in der Schule nicht verstanden habt, nach einem Semester k\u00f6nnt ihr die blind l\u00f6sen), Wellengleichungen, Elektromagnetismus, Optik und schlie\u00dflich Quantenmechanik. Alles davon sieht auf den ersten Blick richtig krank aus, aber ihr habt jede Woche Hausaufgaben, in denen ihr das \u00fcben k\u00f6nnt und ihr d\u00fcrft zu dritt abgeben. Man kann sich also austauschen und hat immer eine Woche Zeit.<br \/>\nDie Woche ist nicht besonders voll. Man hat genug Zeit f\u00fcr Sport, Freunde und was man sonst so macht. Man kann auch mal ein Fach vorziehen und hat dann immer noch m\u00e4\u00dfig viel Zeit. Ich kenne Studenten in anderen F\u00e4chern, die jeden Tag 8h in der Uni sitzen mussten. Daf\u00fcr ist in der Physik der Stoff halt komplizierter, man kann nicht alles haben.<\/p>\n<p><strong>Nebenf\u00e4cher:<\/strong><br \/>\nEs gibt eine Menge von Bereichen, aus denen ihr F\u00e4cher w\u00e4hlen k\u00f6nnt\/m\u00fcsst. Wenn euch Informatik interessiert, k\u00f6nnt ihr mehr \u00fcber Betriebssysteme, Hardware, Verschl\u00fcsselung oder verschiedene Programmiersprachen lernen. Wenn euch Wirtschaft interessiert, gibt es auch hier einen riesigen Haufen. Ebenselbiges gilt f\u00fcr die Bereiche Elektrotechnik, Chemie usw.. Nur weil ihr Physik studiert, seid ihr nicht darauf festgelegt. Es gibt genug Bereiche, aus denen ihr euer Studium ma\u00dfgeschneidert auf euch zusammen basteln k\u00f6nnt. Physik ist nur die Hauptrichtig, aber ihr k\u00f6nnt dabei z.B. soviel oder wenig Informatik machen wie ihr wollt, das bleibt euch \u00fcberlassen.<br \/>\nDiesen Aspekt sch\u00e4tze ich sehr an der Physik. Da man in vieles sowieso reinschnuppert im Grundstudium, kann so ziemlich jedes Fach auch angerechnet werden. Das hei\u00dft: Es wird als f\u00fcr euer Studium sinnvoll erachtet und die Note in diesem Fach z\u00e4hlt auch f\u00fcr euch.<br \/>\nZum Beispiel k\u00f6nnt ihr euch als Physikstudent Volkswirtschaft anrechnen lassen, da ihr m\u00f6glicher Weise mal in einem gro\u00dfen Unternehmen landen werdet. Ich kann es zwar nur vermuten, aber ich denke, dass es schwierig ist, als Wirtschaftler Physik als Nebenfach zu belegen&#8230; \ud83d\ude1b<\/p>\n<p><strong>Fazit:<br \/>\n<\/strong>Die Entscheidung \u00fcber euer Fach kann ich euch leider nicht abnehmen. Das geh\u00f6rt mit zum Studieren. Wenn ihr unentschlossen seid, sprecht am besten mit den Studenten, die wissen immer am besten, wie es f\u00fcr Erstsemester ist. Nebenbei gibt es noch die Erstsemesterzeitung, die ihr auch auf dieser Seite finden k\u00f6nnt. Da steht noch mehr drin, falls euch dieser viel zu lange Text noch nicht gereicht hat \ud83d\ude1b<br \/>\nDas Physik-Studium in Dortmund ist wie jedes Studium hart, aber machbar. Die Profs sind fair, die Klausuren im Vergleich zu den w\u00f6chentlichen Abgaben sogar etwas leichter und das Arbeitsklima ist super.<br \/>\nIch pers\u00f6nlich bin sehr froh \u00fcber meine Entscheidung und w\u00fcrde wieder Physik studieren, wenn ich nochmal von vorne anfangen k\u00f6nnte.<\/p>\n<p>Viel Erfolg bei eurer Entscheidung und vielleicht bis bald in Dortmund!<\/p>","protected":false},"excerpt":{"rendered":"<p>Hallo ihr ganzen AbiturientInnen, die ihr auf der Suche nach Informationen \u00fcber das Physik-Studium auf der Seite der Fachschaft gelandet seid. Ich neige leider dazu, sehr lange Texte zu schreiben, aber ich finde, jeder Abschnitt hier ist interessant, wenn man noch keine Ahnung vom Studieren hat, wie es halt nach [&hellip;]<\/p>","protected":false},"author":2,"featured_media":6278,"parent":1721,"menu_order":0,"comment_status":"closed","ping_status":"closed","template":"","meta":{"_themeisle_gutenberg_block_has_review":false,"footnotes":""},"class_list":["post-648","page","type-page","status-publish","has-post-thumbnail","hentry"],"_links":{"self":[{"href":"https:\/\/fachschaft-physik.tu-dortmund.de\/wordpress\/en\/wp-json\/wp\/v2\/pages\/648","targetHints":{"allow":["GET"]}}],"collection":[{"href":"https:\/\/fachschaft-physik.tu-dortmund.de\/wordpress\/en\/wp-json\/wp\/v2\/pages"}],"about":[{"href":"https:\/\/fachschaft-physik.tu-dortmund.de\/wordpress\/en\/wp-json\/wp\/v2\/types\/page"}],"author":[{"embeddable":true,"href":"https:\/\/fachschaft-physik.tu-dortmund.de\/wordpress\/en\/wp-json\/wp\/v2\/users\/2"}],"replies":[{"embeddable":true,"href":"https:\/\/fachschaft-physik.tu-dortmund.de\/wordpress\/en\/wp-json\/wp\/v2\/comments?post=648"}],"version-history":[{"count":3,"href":"https:\/\/fachschaft-physik.tu-dortmund.de\/wordpress\/en\/wp-json\/wp\/v2\/pages\/648\/revisions"}],"predecessor-version":[{"id":6509,"href":"https:\/\/fachschaft-physik.tu-dortmund.de\/wordpress\/en\/wp-json\/wp\/v2\/pages\/648\/revisions\/6509"}],"up":[{"embeddable":true,"href":"https:\/\/fachschaft-physik.tu-dortmund.de\/wordpress\/en\/wp-json\/wp\/v2\/pages\/1721"}],"wp:featuredmedia":[{"embeddable":true,"href":"https:\/\/fachschaft-physik.tu-dortmund.de\/wordpress\/en\/wp-json\/wp\/v2\/media\/6278"}],"wp:attachment":[{"href":"https:\/\/fachschaft-physik.tu-dortmund.de\/wordpress\/en\/wp-json\/wp\/v2\/media?parent=648"}],"curies":[{"name":"wp","href":"https:\/\/api.w.org\/{rel}","templated":true}]}}