{"id":6799,"date":"2025-03-03T20:55:23","date_gmt":"2025-03-03T19:55:23","guid":{"rendered":"https:\/\/fachschaft-physik.tu-dortmund.de\/wordpress\/?page_id=6799"},"modified":"2025-03-03T20:59:08","modified_gmt":"2025-03-03T19:59:08","slug":"passwoerter","status":"publish","type":"page","link":"https:\/\/fachschaft-physik.tu-dortmund.de\/wordpress\/en\/passwoerter\/","title":{"rendered":"Passwords"},"content":{"rendered":"<p>Die Passw\u00f6rter der Fachschaft Physik sind in unserem Fachschaftsraum zu finden. Sie stehen abgedruckt auf einem Zettel, welcher sich an der Seite des K\u00fchlschranks befindet. Falls ein neues Passwort hinzugef\u00fcgt oder ein bestehendes ge\u00e4ndert wird, wird die aktualisierte Liste stets dort hinterlegt.<\/p>\n\n\n\n<p><em>Bitte habt Verst\u00e4ndnis daf\u00fcr, dass wir Anfragen zu Passw\u00f6rtern per E-Mail nicht mehr beantworten k\u00f6nnen und werden, da uns regelm\u00e4\u00dfig eine gro\u00dfe Anzahl solcher Anfragen erreicht.<\/em><\/p>\n\n\n\n<p><\/p>","protected":false},"excerpt":{"rendered":"<p>Die Passw\u00f6rter der Fachschaft Physik sind in unserem Fachschaftsraum zu finden. Sie stehen abgedruckt auf einem Zettel, welcher sich an der Seite des K\u00fchlschranks befindet. Falls ein neues Passwort hinzugef\u00fcgt oder ein bestehendes ge\u00e4ndert wird, wird die aktualisierte Liste stets dort hinterlegt. Bitte habt Verst\u00e4ndnis daf\u00fcr, dass wir Anfragen zu [&hellip;]<\/p>","protected":false},"author":54,"featured_media":6802,"parent":0,"menu_order":0,"comment_status":"closed","ping_status":"closed","template":"","meta":{"_themeisle_gutenberg_block_has_review":false,"footnotes":""},"class_list":["post-6799","page","type-page","status-publish","has-post-thumbnail","hentry"],"_links":{"self":[{"href":"https:\/\/fachschaft-physik.tu-dortmund.de\/wordpress\/en\/wp-json\/wp\/v2\/pages\/6799","targetHints":{"allow":["GET"]}}],"collection":[{"href":"https:\/\/fachschaft-physik.tu-dortmund.de\/wordpress\/en\/wp-json\/wp\/v2\/pages"}],"about":[{"href":"https:\/\/fachschaft-physik.tu-dortmund.de\/wordpress\/en\/wp-json\/wp\/v2\/types\/page"}],"author":[{"embeddable":true,"href":"https:\/\/fachschaft-physik.tu-dortmund.de\/wordpress\/en\/wp-json\/wp\/v2\/users\/54"}],"replies":[{"embeddable":true,"href":"https:\/\/fachschaft-physik.tu-dortmund.de\/wordpress\/en\/wp-json\/wp\/v2\/comments?post=6799"}],"version-history":[{"count":1,"href":"https:\/\/fachschaft-physik.tu-dortmund.de\/wordpress\/en\/wp-json\/wp\/v2\/pages\/6799\/revisions"}],"predecessor-version":[{"id":6800,"href":"https:\/\/fachschaft-physik.tu-dortmund.de\/wordpress\/en\/wp-json\/wp\/v2\/pages\/6799\/revisions\/6800"}],"wp:featuredmedia":[{"embeddable":true,"href":"https:\/\/fachschaft-physik.tu-dortmund.de\/wordpress\/en\/wp-json\/wp\/v2\/media\/6802"}],"wp:attachment":[{"href":"https:\/\/fachschaft-physik.tu-dortmund.de\/wordpress\/en\/wp-json\/wp\/v2\/media?parent=6799"}],"curies":[{"name":"wp","href":"https:\/\/api.w.org\/{rel}","templated":true}]}}