{"id":91,"date":"2013-04-14T23:39:23","date_gmt":"2013-04-14T21:39:23","guid":{"rendered":"http:\/\/fachschaft-physik.tu-dortmund.de\/wordpress\/?page_id=91"},"modified":"2024-11-06T19:41:07","modified_gmt":"2024-11-06T18:41:07","slug":"kontakt","status":"publish","type":"page","link":"https:\/\/fachschaft-physik.tu-dortmund.de\/wordpress\/en\/kontakt\/","title":{"rendered":"Contact"},"content":{"rendered":"<p>If you would like to send a message to the student council, you can reach us at the following address <a href=\"mailto:fs.physik@tu-dortmund.de\">fs.physik@tu-dortmund.de<\/a>. If you would like to contact a Council member privately, you can do so by sending your e-mail to \u201cfirstname.lastname@tu-dortmund.de\u201d. You can find our e-mail names under our names in the table on the <a href=\"http:\/\/fachschaft-physik.tu-dortmund.de\/wordpress\/en\/die-fachschaft\/\">student council representatives<\/a> page.<\/p>\n\n\n\n<p>We publish information about events organized by the Student Council on the homepage of this website and in the <a href=\"https:\/\/fachschaft-physik.tu-dortmund.de\/wordpress\/en\/veranstaltungen\/\" data-type=\"page\" data-id=\"3370\">Calender<\/a>. You can also find us on <a href=\"https:\/\/www.instagram.com\/fs.physiktudortmund\/\">Instagram (German)<\/a>, WhatsApp and <a href=\"https:\/\/t.me\/fsphysik_tudo\">Telegram (German atm)<\/a> where we also publish all relevant information on events.<\/p>\n\n\n\n<p>The best way to reach us in person is to go to the student council room (\"Fachschaftsraum\") <strong>P2-E0-405<\/strong> in the physics building. If there is no one there, please ask the students in the anteroom if anyone has noticed that we are nearby. Here you can find a <a href=\"http:\/\/maps.google.de\/maps?f=q&amp;hl=de&amp;geocode=&amp;q=Otto-Hahn-Str.+4+Dortmund&amp;sll=51.124213,10.546875&amp;sspn=18.376511,28.78418&amp;ie=UTF8&amp;om=1&amp;ll=51.496988,7.419205&amp;spn=0.018702,0.036478&amp;z=14&amp;iwloc=addr&amp;source=embed\">Map view on Google Maps<\/a>the physics building is number 21 on the TU Dortmund University site plan.<\/p>\n\n\n\n<iframe src=\"https:\/\/www.google.com\/maps\/embed?pb=!1m18!1m12!1m3!1d738.552646343324!2d7.412967349920365!3d51.49147082763525!2m3!1f0!2f0!3f0!3m2!1i1024!2i768!4f13.1!3m3!1m2!1s0x0%3A0x4459009ef31dde4e!2sFakult%C3%A4t+Physik+der+TU-Dortmund!5e0!3m2!1sde!2sde!4v1565612816160!5m2!1sde!2sde\" width=\"1140\" height=\"500\" frameborder=\"0\" style=\"border:0\" allowfullscreen><\/iframe>\n\n\n\n<p>We also have a telephone number <strong>(0231\/755-3766)<\/strong>however, it can happen that you don't reach anyone at all or that only a completely clueless student picks up the phone.<br \/>Especially during the lecture-free period, the building is not well frequented, so the safest method so far is to send us an e-mail, whether personally or to the entire student council.<\/p>\n\n\n\n<p><br \/>If you like it old-fashioned or have a parcel for us, here is the postal address:<\/p>\n\n\n\n<p>TU Dortmund University<br \/>Physics student council<br \/>Otto-Hahn-Str. 4<br \/>44227 Dortmund<\/p>\n\n\n\n<p>If you have such specific questions that no one has been able to help you, you can also contact the study coordinators or the student advisors at the Faculty of Physics. You can find them on the <a href=\"https:\/\/physik.tu-dortmund.de\/en\/study\/academic-advice\/\">website of the department of physics<\/a>.<br \/><br \/><br \/>Otherwise you can also fill out our <strong>contact form<\/strong> which you can find below.<\/p>\n\n\n<div class=\"wpforms-container wpforms-container-full wpforms-block wpforms-block-4c126dfa-9018-49cb-b904-c5453f35bc54\" id=\"wpforms-6215\"><form id=\"wpforms-form-6215\" class=\"wpforms-validate wpforms-form\" data-formid=\"6215\" method=\"post\" enctype=\"multipart\/form-data\" action=\"\/wordpress\/en\/wp-json\/wp\/v2\/pages\/91\" data-token=\"038b6b120425b40ab133add74353a5ac\" data-token-time=\"1775563139\" data-trp-original-action=\"\/wordpress\/en\/wp-json\/wp\/v2\/pages\/91\"><noscript class=\"wpforms-error-noscript\">Please enable JavaScript in your browser to complete this form.<\/noscript><div class=\"wpforms-field-container\"><div id=\"wpforms-6215-field_0-container\" class=\"wpforms-field wpforms-field-name wpforms-one-half wpforms-first\" data-field-id=\"0\"><label class=\"wpforms-field-label wpforms-label-hide\" for=\"wpforms-6215-field_0\">Name <span class=\"wpforms-required-label\">*<\/span><\/label><input type=\"text\" id=\"wpforms-6215-field_0\" class=\"wpforms-field-large wpforms-field-required\" name=\"wpforms[fields][0]\" placeholder=\"Last name, first name\" required><\/div><div id=\"wpforms-6215-field_3-container\" class=\"wpforms-field wpforms-field-email wpforms-one-half\" data-field-id=\"3\"><label class=\"wpforms-field-label wpforms-label-hide\" for=\"wpforms-6215-field_3\">Email <span class=\"wpforms-required-label\">*<\/span><\/label><input type=\"email\" id=\"wpforms-6215-field_3\" class=\"wpforms-field-large wpforms-field-required\" name=\"wpforms[fields][3]\" placeholder=\"Your email\" spellcheck=\"false\" required><\/div><div id=\"wpforms-6215-field_4-container\" class=\"wpforms-field wpforms-field-text\" data-field-id=\"4\"><label class=\"wpforms-field-label wpforms-label-hide\" for=\"wpforms-6215-field_4\">Subject<\/label><input type=\"text\" id=\"wpforms-6215-field_4\" class=\"wpforms-field-large\" name=\"wpforms[fields][4]\" placeholder=\"Your request\" ><\/div><div id=\"wpforms-6215-field_5-container\" class=\"wpforms-field wpforms-field-checkbox wpforms-list-2-columns\" data-field-id=\"5\"><label class=\"wpforms-field-label\">I have... <span class=\"wpforms-required-label\">*<\/span><\/label><ul id=\"wpforms-6215-field_5\" class=\"wpforms-field-required\" data-choice-limit=\"1\"><li class=\"choice-2 depth-1\"><input type=\"checkbox\" id=\"wpforms-6215-field_5_2\" data-rule-check-limit=\"true\" name=\"wpforms[fields][5][]\" value=\"Fragen zum Studiengang Physik\" required><label class=\"wpforms-field-label-inline\" for=\"wpforms-6215-field_5_2\">Questions about the physics degree program<\/label><\/li><li class=\"choice-4 depth-1\"><input type=\"checkbox\" id=\"wpforms-6215-field_5_4\" data-rule-check-limit=\"true\" name=\"wpforms[fields][5][]\" value=\"Fragen zum Studiengang Medizinphysik\" required><label class=\"wpforms-field-label-inline\" for=\"wpforms-6215-field_5_4\">Questions about the Medical Physics degree program<\/label><\/li><li class=\"choice-3 depth-1\"><input type=\"checkbox\" id=\"wpforms-6215-field_5_3\" data-rule-check-limit=\"true\" name=\"wpforms[fields][5][]\" value=\"Fragen zum Studiengang Physik Lehramt\" required><label class=\"wpforms-field-label-inline\" for=\"wpforms-6215-field_5_3\">Questions about the physics teaching degree program<\/label><\/li><li class=\"choice-1 depth-1\"><input type=\"checkbox\" id=\"wpforms-6215-field_5_1\" data-rule-check-limit=\"true\" name=\"wpforms[fields][5][]\" value=\"ein anderes Anliegen\" required><label class=\"wpforms-field-label-inline\" for=\"wpforms-6215-field_5_1\">another concern<\/label><\/li><\/ul><\/div><div id=\"wpforms-6215-field_2-container\" class=\"wpforms-field wpforms-field-textarea\" data-field-id=\"2\"><label class=\"wpforms-field-label wpforms-label-hide\" for=\"wpforms-6215-field_2\">Nachricht <span class=\"wpforms-required-label\">*<\/span><\/label><textarea id=\"wpforms-6215-field_2\" class=\"wpforms-field-medium wpforms-field-required\" name=\"wpforms[fields][2]\" placeholder=\"Example message: Let Epsilon be less than zero...\" required><\/textarea><div class=\"wpforms-field-description\">Bitte beachtet, dass wir aktuell keine Nachhilfe im Bereich Physik\/Mathematik anbieten.<\/div><\/div><\/div><!-- .wpforms-field-container --><div class=\"wpforms-submit-container\" ><input type=\"hidden\" name=\"wpforms[id]\" value=\"6215\"><input type=\"hidden\" name=\"page_title\" value=\"\"><input type=\"hidden\" name=\"page_url\" value=\"https:\/\/fachschaft-physik.tu-dortmund.de\/wordpress\/en\/wp-json\/wp\/v2\/pages\/91\"><input type=\"hidden\" name=\"url_referer\" value=\"\"><button type=\"submit\" name=\"wpforms[submit]\" id=\"wpforms-submit-6215\" class=\"wpforms-submit\" data-alt-text=\"Wird gesendet...\" data-submit-text=\"Absenden\" aria-live=\"assertive\" value=\"wpforms-submit\">Send<\/button><\/div><input type=\"hidden\" name=\"trp-form-language\" value=\"en\"\/><\/form><\/div>  <!-- .wpforms-container -->","protected":false},"excerpt":{"rendered":"<p>Wenn du dem Fachschaftsrat eine Nachricht zukommen lassen m\u00f6chtest, erreichst Du uns \u00fcber die Adresse fs.physik@tu-dortmund.de. Sofern du ein Ratsmitglied privat kontaktieren m\u00f6chtest, kannst du dies tun, indem du deine E-Mail an &#8222;vorname.nachname@tu-dortmund.de&#8220; sendest. Unsere E-Mail-Namen kannst du unter unseren Namen aus der Tabelle auf der Fachschaftsrat-Seite nehmen. Informationen \u00fcber [&hellip;]<\/p>","protected":false},"author":54,"featured_media":6348,"parent":0,"menu_order":7,"comment_status":"closed","ping_status":"closed","template":"","meta":{"_themeisle_gutenberg_block_has_review":false,"footnotes":""},"class_list":["post-91","page","type-page","status-publish","has-post-thumbnail","hentry"],"_links":{"self":[{"href":"https:\/\/fachschaft-physik.tu-dortmund.de\/wordpress\/en\/wp-json\/wp\/v2\/pages\/91","targetHints":{"allow":["GET"]}}],"collection":[{"href":"https:\/\/fachschaft-physik.tu-dortmund.de\/wordpress\/en\/wp-json\/wp\/v2\/pages"}],"about":[{"href":"https:\/\/fachschaft-physik.tu-dortmund.de\/wordpress\/en\/wp-json\/wp\/v2\/types\/page"}],"author":[{"embeddable":true,"href":"https:\/\/fachschaft-physik.tu-dortmund.de\/wordpress\/en\/wp-json\/wp\/v2\/users\/54"}],"replies":[{"embeddable":true,"href":"https:\/\/fachschaft-physik.tu-dortmund.de\/wordpress\/en\/wp-json\/wp\/v2\/comments?post=91"}],"version-history":[{"count":37,"href":"https:\/\/fachschaft-physik.tu-dortmund.de\/wordpress\/en\/wp-json\/wp\/v2\/pages\/91\/revisions"}],"predecessor-version":[{"id":6561,"href":"https:\/\/fachschaft-physik.tu-dortmund.de\/wordpress\/en\/wp-json\/wp\/v2\/pages\/91\/revisions\/6561"}],"wp:featuredmedia":[{"embeddable":true,"href":"https:\/\/fachschaft-physik.tu-dortmund.de\/wordpress\/en\/wp-json\/wp\/v2\/media\/6348"}],"wp:attachment":[{"href":"https:\/\/fachschaft-physik.tu-dortmund.de\/wordpress\/en\/wp-json\/wp\/v2\/media?parent=91"}],"curies":[{"name":"wp","href":"https:\/\/api.w.org\/{rel}","templated":true}]}}