{"id":1728,"date":"2017-10-05T14:19:21","date_gmt":"2017-10-05T13:19:21","guid":{"rendered":"http:\/\/fachschaft-physik.tu-dortmund.de\/wordpress\/?page_id=1728"},"modified":"2025-03-04T14:06:04","modified_gmt":"2025-03-04T13:06:04","slug":"fachschaft-was-ist-das","status":"publish","type":"page","link":"https:\/\/fachschaft-physik.tu-dortmund.de\/wordpress\/fachschaft-was-ist-das\/","title":{"rendered":"Die Fachschaft Physik"},"content":{"rendered":"\n<p>Unsere <strong>Fachschaft Physik<\/strong> setzt sich aus der Menge aller Studierenden der Fakult\u00e4t Physik zusammen, dazu z\u00e4hlen neben den Physikstudierenden auch die Medizinphysiker*innen und wahlweise die Lehramtsstudent*innen. Dabei ist der <strong>Fachschaftsrat<\/strong> die von den Studierenden gew\u00e4hlte Studierendenvertretung, welcher im Allgemeinen organisatorische und mediale Verantwortung tr\u00e4gt und studentische Feierlichkeiten veranstaltet. Gew\u00e4hlt wird dieser Rat bei den Tagungen der Fachschaftsvollversammlung, welche in der Regel halbj\u00e4hrlich zu Beginn eines neuen Semesters stattfindet.<\/p>\n\n\n\n<div id = \"accordion-1\">\n<script>\n          window.onload = (e)=>{\n            let area = document.getElementById(\"accordion-1\");\n            let headers = Array.from(area.getElementsByTagName(\"h3\"));\n            headers = headers.concat(Array.from(area.getElementsByTagName(\"h4\")));\n            console.log(headers);\n            let activePanel = null;\n            let activeHeader = null;\n            for(let header of headers)\n            {\n                header.addEventListener(\"click\", function(e){\n                    if(activeHeader == this)\n                    {\n                        activeHeader.classList.toggle(\"active\");\n                        activeHeader = null;\n                    }\n                    else\n                    { \n                        if(activeHeader != null)\n                            activeHeader.classList.toggle(\"active\");\n                        activeHeader = this;\n                        console.log(activeHeader);\n                        activeHeader.classList.toggle(\"active\");\n                    }\n\n                    panel = header.nextElementSibling;\n                    if (panel.style.display === \"block\") {\n                        panel.style.display = \"none\";\n                    } else {\n                        if(activePanel != null)\n                            activePanel.style.display = \"none\";\n                        panel.style.display = \"block\";\n                        activePanel = panel;\n                    }\n                });\n            }\n          };\n      <\/script>\n      \n      <style>\n          \/* Style the buttons that are used to open and close the accordion panel *\/\n        #accordion-1 h3, #accordion-1 h4 {\n        background-color: #ccc;\n        cursor: pointer;\n        padding: 18px;\n        width: 100%;\n        text-align: left;\n        border: none;\n        outline: none;\n        transition: 0.4s;\n        border-radius: 10px;\n        }\n\n        \/* Add a background color to the button if it is clicked on (add the .active class with JS), and when you move the mouse over it (hover) *\/\n        #accordion-1  .active, #accordion-1 h3:hover, #accordion-1 h4:hover {\n        background-color: #1d910e;\n        background-radius: 10px;\n        }\n\n        \/* Style the accordion panel. Note: hidden by default *\/\n        #accordion-1 p, #accordion-1 ul, #accordion-1 ol, #accordion-1 div {\n        display: none;\n        overflow: hidden;\n        }\n\n        \/* Beim Hovern wird die Schrift weiss *\/\n        #accordion-1 h3:hover, #accordion-1 h4:hover {\n        color: white;\n        }\n\n        \/* Wenn active, bleibt Schrift weiss *\/\n        #accordion-1 .active {\n        color: white;\n        }\n      <\/style>\n\n\n\n<h3 class=\"wp-block-heading\">Fachschaft &#8211; Was ist das?<\/h3>\n\n\n<p>Die <strong>Fachschaft<\/strong> beschreibt die Menge aller Studierenden einer Fakult\u00e4t, in unserem Falle also die Physik- und Medizinphysikstudierenden. Lehramtsstudierende haben die Wahl, ob sie der Fachschaft Lehramt oder einer der Fachschaften ihrer gew\u00e4hlten F\u00e4cher angeh\u00f6ren m\u00f6chten. H\u00e4ufig wird dieser Begriff jedoch (f\u00e4lschlicherweise) f\u00fcr den Fachschaftsrat oder den Fachschaftsraum verwendet.<br \/><br \/>Der <strong>Fachschaftsrat<\/strong> (<em>FSR<\/em>) setzt sich aus 8 + 8 + (2) gew\u00e4hlten Mitgliedern der Fachschaft zusammen, den Beauftragten, ihren Stellvertretern und in Ausnahmef\u00e4llen ihren zweiten Stellvertretern. Die Aufgaben des Fachschaftsrats sind vielseitig, z.B die Vertretung der Physikstudenten gegen\u00fcber den Professoren und der Fakult\u00e4t, Organisation von Informationsveranstaltungen, Studentenfeiern und das Grillen zum Semesteranfang oder -abschluss. Au\u00dferdem sind die Vertreter eure Ansprechpartner f\u00fcr alles, was das Physikstudium oder die Fakult\u00e4t Physik betrifft. Der Fachschaftsrat trifft sich einmal in der Woche zur <strong>Fachschaftssitzung<\/strong>. Diese Sitzungen sind \u00f6ffentlich, sodass jeder interessierte Student sich unverbindlich dazusetzen und mitdiskutieren kann. Den Termin f\u00fcr die Fachschaftsratssitzung k\u00f6nnt ihr bei einem Mitglied des Rates erfagen. Auf den Sitzungen tauschen wir uns \u00fcber unsere einzelnen Aufgaben aus.<br \/><br \/>Die Fachschaftsarbeit ist nicht auf die gew\u00e4hlten Ratsmitglieder beschr\u00e4nkt, diese Organe sollen lediglich gew\u00e4hrleisten, dass grunds\u00e4tzlich Fachschaftsarbeit geleistet wird. <strong>Jeder interessierte Student ist aufgefordert<\/strong>, Ideen, Engagement usw. zur Fachschaftsarbeit beizusteuern, unabh\u00e4ngig davon, ob er oder sie ein Teil des Rates ist. Wer an Fachschaftsarbeit interessiert ist, spricht am besten ein FSR-Mitglied an oder besucht eine der \u00f6ffentlichen FSR-Sitzungen.<br \/><br \/>Gem\u00e4\u00df unserer Satzung werden mindestens einmal im Semester alle Fachschaftsmitglieder zur <strong>Fachschaftsvollversammlung <\/strong>(FVV) eingeladen. Dies wird in einigen Vorlesungen angek\u00fcndigt, in der Fakult\u00e4t in unserem Aushang zu sehen sein und auch auf dieser Website bekannt gegeben. Dort berichtet der Fachschaftsrat von Aktivit\u00e4ten sowie von Pl\u00e4nen f\u00fcr das n\u00e4chste Semester. Nach jeder FVV kann man den Abend grunds\u00e4tzlich sehr gut mit Bier, Softdrinks, W\u00fcrstchen und Salat gem\u00fctlich ausklingen lassen! Zus\u00e4tzlich wird in jeder Sommer-FVV ein neuer Fachschaftsrat f\u00fcr ein Jahr gew\u00e4hlt.<\/p><\/div>","protected":false},"excerpt":{"rendered":"<p>Unsere Fachschaft Physik setzt sich aus der Menge aller Studierenden der Fakult\u00e4t Physik zusammen, dazu z\u00e4hlen neben den Physikstudierenden auch die Medizinphysiker*innen und wahlweise die Lehramtsstudent*innen. Dabei ist der Fachschaftsrat die von den Studierenden gew\u00e4hlte Studierendenvertretung, welcher im Allgemeinen organisatorische und mediale Verantwortung tr\u00e4gt und studentische Feierlichkeiten veranstaltet. Gew\u00e4hlt wird [&hellip;]<\/p>\n","protected":false},"author":49,"featured_media":0,"parent":0,"menu_order":1,"comment_status":"closed","ping_status":"closed","template":"","meta":{"_themeisle_gutenberg_block_has_review":false,"footnotes":""},"class_list":["post-1728","page","type-page","status-publish","hentry"],"_links":{"self":[{"href":"https:\/\/fachschaft-physik.tu-dortmund.de\/wordpress\/wp-json\/wp\/v2\/pages\/1728","targetHints":{"allow":["GET"]}}],"collection":[{"href":"https:\/\/fachschaft-physik.tu-dortmund.de\/wordpress\/wp-json\/wp\/v2\/pages"}],"about":[{"href":"https:\/\/fachschaft-physik.tu-dortmund.de\/wordpress\/wp-json\/wp\/v2\/types\/page"}],"author":[{"embeddable":true,"href":"https:\/\/fachschaft-physik.tu-dortmund.de\/wordpress\/wp-json\/wp\/v2\/users\/49"}],"replies":[{"embeddable":true,"href":"https:\/\/fachschaft-physik.tu-dortmund.de\/wordpress\/wp-json\/wp\/v2\/comments?post=1728"}],"version-history":[{"count":12,"href":"https:\/\/fachschaft-physik.tu-dortmund.de\/wordpress\/wp-json\/wp\/v2\/pages\/1728\/revisions"}],"predecessor-version":[{"id":6808,"href":"https:\/\/fachschaft-physik.tu-dortmund.de\/wordpress\/wp-json\/wp\/v2\/pages\/1728\/revisions\/6808"}],"wp:attachment":[{"href":"https:\/\/fachschaft-physik.tu-dortmund.de\/wordpress\/wp-json\/wp\/v2\/media?parent=1728"}],"curies":[{"name":"wp","href":"https:\/\/api.w.org\/{rel}","templated":true}]}}