{"id":2979,"date":"2019-09-18T16:52:30","date_gmt":"2019-09-18T14:52:30","guid":{"rendered":"http:\/\/fachschaft-physik.tu-dortmund.de\/wordpress\/?page_id=2979"},"modified":"2024-10-12T15:05:09","modified_gmt":"2024-10-12T13:05:09","slug":"bibliothek","status":"publish","type":"page","link":"https:\/\/fachschaft-physik.tu-dortmund.de\/wordpress\/bibliothek\/","title":{"rendered":"Literatursammlung"},"content":{"rendered":"\n<p>Hallo Leseratten,<\/p>\n\n\n\n<p>wir haben uns mal die M\u00fche gemacht und die ganzen B\u00fccher, die wir durch etwaige Spenden erhalten haben tabellarisiert. Unten kannst du die B\u00fccher finden, die wir zur Ausleihe zur Verf\u00fcgung haben, soweit sie nicht schon ausgeliehen sind.<\/p>\n\n\n\n<p>Wenn du eines der B\u00fccher ausleihen willst, kontaktiere uns unter \u201e<a href=\"mailto:fachschaft.physik@tu-dortmund.de?subject=Buchausleihe\">fachschaft.physik@tu-dortmund.de<\/a>\u201d. Alternativ kannst du jede Person aus dem <a href=\"https:\/\/fachschaft-physik.tu-dortmund.de\/wordpress\/die-fachschaft\/\">Fachschaftsrat<\/a> auch einfach ansprechen. Schreibe uns, f\u00fcr welches Buch du dich interessierst und ein Fachschaftsratmitglied wird dir schnellst m\u00f6glich antworten, ob das Buch schon ausgeliehen ist.<\/p>\n\n\n\n<p>Wir werden dich dann nach deiner Matrikelnummer und E-Mail Adresse fragen und erwarten, dass die B\u00fccher in dem Zustand zur\u00fcckkommen, in dem wir sie ausgeliehen haben. Wir haben keine prinzipielle Zeitbegrenzung auf die Ausleihe, werden aber einmal im Semester alle B\u00fccher zur\u00fcckfordern und dich eventuell kontaktieren, wenn jemand anderes an dem selben Buch Interesse hat.<\/p>\n\n\n\n<p>Beste Gr\u00fc\u00dfe<br \/>Euer Fachschaftsrat<\/p>\n\n\n\n<script>\n            window.onload = () => {\n    const search_box = document.getElementById(\"search\");\n    const table = document.getElementById(\"buecher\");\n    let table_elements = Array.from(table.getElementsByTagName(\"td\"));\n    table_elements = table_elements.concat(Array.from(table.getElementsByTagName(\"th\")));\n    console.log(table_elements);\n    const found_color = \"#1d910e\";\n    search_box.addEventListener(\"input\", () => {\n        let search_text = search_box.value.toLowerCase();\n        let found = false;\n        for (let el of table_elements) {\n            if (el.innerHTML.toLowerCase().includes(search_text)) {\n                el.style.backgroundColor = found_color;\n                found = true;\n            }\n            else {\n                el.style.backgroundColor = \"white\";\n            }\n        }\n        if (found) {\n            search_box.style.backgroundColor = \"white\";\n        }\n        else {\n            search_box.style.backgroundColor = \"#B22222\";\n        }\n    });\n};     \n        <\/script>\n\n\n\n<br \/>Suche: <input id=\"search\"\/><br \/><br \/>\n        <table border=\"1\" id=\"buecher\">\n            <tr>\n                <th>Fach<\/th>\n                <th>B\u00fccher<\/th>\n                <th>Anzahl<\/th>\n            <\/tr>\n            <tr>\n                <th rowspan=\"12\">Physik 1<\/th>\n                <td>Nolting 1<\/td>\n                <td>3<\/td>\n            <\/tr>\n            <tr><td>Demtr\u00f6der 1<\/td><td>1<\/td><\/tr>\n            <tr><td>Greiner Mechanik 1<\/td><td>1<\/td><\/tr>\n            <tr><td>Wegener &#8211; Physik f\u00fcr Hochschulanf\u00e4nger<\/td><td>1<\/td><\/tr>\n            <tr><td>Korsch &#8211; Mathematik Vorkurs<\/td><td>1<\/td><\/tr>\n            <tr><td>Korsch &#8211; Mathematische Erg\u00e4nzung zur Physik 1<\/td><td>1<\/td><\/tr>\n            <tr><td>Fischer, Kaul &#8211; Mathematik f\u00fcr Physiker<\/td><td>1<\/td><\/tr>\n            <tr><td>Physik in Aufgaben und L\u00f6sungen<\/td><td>1<\/td><\/tr>\n            <tr><td>Brandt\/Brahmen<\/td><td>1<\/td><\/tr>\n            <tr><td>Schaum &#8211; Allgemeine Mechanik<\/td><td>1<\/td><\/tr>\n            <tr><td>Berkeley<\/td><td>1<\/td><\/tr>\n            <tr><td>Flie\u00dfbach &#8211; Mechanik<\/td><td>1<\/td><\/tr>\n            \n            <tr>\n                <th rowspan=\"3\">Physik 2<\/th>\n                <td>Nolting 3<\/td>\n                <td>2<\/td>\n            <\/tr>\n            <tr><td>Demtr\u00f6der<\/td><td>2<\/td><\/tr>\n            <tr><td>Jackson<\/td><td>2<\/td><\/tr>\n\n            <tr>\n                <th rowspan=\"3\">Physik 3<\/th>\n                <td>Nolting 2<\/td>\n                <td>3<\/td>\n            <\/tr>\n            <tr><td>Kuypers<\/td><td>1<\/td><\/tr>\n            <tr><td>Greiner &#8211; Mechanik 2<\/td><td>1<\/td><\/tr>\n\n            <tr>\n                <th rowspan=\"10\">Physik 4<\/th>\n                <td>Nolting 5\/1<\/td>\n                <td>1<\/td>\n            <\/tr>\n            <tr><td>Nolting 5\/2<\/td><td>1<\/td><\/tr>\n            <tr><td>Demt\u00f6der 3<\/td><td>1<\/td><\/tr>\n            <tr><td>Schwabl<\/td><td>2<\/td><\/tr>\n            <tr><td>Messiah &#8211; Quantenmechanik 1<\/td><td>1<\/td><\/tr>\n            <tr><td>Messiah &#8211; Quantenmechanik 2<\/td><td>1<\/td><\/tr>\n            <tr><td>Schwindt &#8211; Tutorium QM<\/td><td>1<\/td><\/tr>\n            <tr><td>Flie\u00dfbach &#8211; Quantenmechanik<\/td><td>1<\/td><\/tr>\n            <tr><td>Cohan &#8211; Volume 1 (English)<\/td><td>1<\/td><\/tr>\n            <tr><td>Cohan &#8211; Volume 2 (English)<\/td><td>1<\/td><\/tr>\n\n            <tr>\n                <th rowspan=\"6\">Thermodynamik und Statistik<\/th>\n                <td>Nolting 4 &#8211; Thermodynamik und SRT<\/td>\n                <td>3<\/td>\n            <\/tr>\n            <tr><td>Flie\u00dfbach<\/td><td>1<\/td><\/tr>\n            <tr><td>Reichl &#8211; A Modern Course in Statistical Physics (English)<\/td><td>1<\/td><\/tr>\n            <tr><td>Callen &#8211; Thermodynamics and an Introduction to Thermostatistics<\/td><td>1<\/td><\/tr>\n            <tr><td>Schwabl &#8211; Statistische Mechanik<\/td><td>1<\/td><\/tr>\n            <tr><td>Huang &#8211; Statistical Mechanics (English)<\/td><td>1<\/td><\/tr>\n            \n            <tr>\n                <th rowspan=\"5\">Festk\u00f6rperphysik<\/th>\n                <td>Ashcroft Mermin<\/td>\n                <td>1<\/td>\n            <\/tr>\n            <tr><td>Ibach\/L\u00fct<\/td><td>1<\/td><\/tr>\n            <tr><td>Cz\u00fccholl &#8211; Theoretische Festk\u00f6rperphysik<\/td><td>1<\/td><\/tr>\n            <tr><td>Kopitzki &#8211; Einf\u00fchrung FKP<\/td><td>1<\/td><\/tr>\n            <tr><td>Kittel &#8211; Eif\u00fchrung FKP<\/td><td>1<\/td><\/tr>\n\n            <tr>\n                <th rowspan=\"6\">Kern und Elementarteilchen<\/th>\n                <td>Halsen\/Martin &#8211; Quarks and Leptons (English)<\/td>\n                <td>1<\/td>\n            <\/tr>\n            <tr><td>Lohrmann &#8211; Einf\u00fchrung in die Elementarteilchenphysik<\/td><td>1<\/td><\/tr>\n            <tr><td>Berger<\/td><td>1<\/td><\/tr>\n            <tr><td>Povh\/Rith\/Scholz\/Zetsche &#8211; Teilchen und Kerne<\/td><td>1<\/td><\/tr>\n            <tr><td>Mayer Kuckuck<\/td><td>1<\/td><\/tr>\n            <tr><td>Leo &#8211; Techniques for Nuclear and Particle Physics Experiments<\/td><td>1<\/td><\/tr>\n\n            <tr>\n                <th rowspan=\"10\">Umfassend<\/th>\n                <td>Gerthsen Physik<\/td>\n                <td>1<\/td>\n            <\/tr>\n            <tr><td>Vogel &#8211; Aufgaben zum Gerthsen Physik<\/td><td>1<\/td><\/tr>\n            <tr><td>Lindner &#8211; Grundkurs Theoretische Physik<\/td><td>1<\/td><\/tr>\n            <tr><td>Cornelsen &#8211; Tafelwerk Physik (Abitur)<\/td><td>2<\/td><\/tr>\n            <tr><td>Kirkby &#8211; Physik der Studienbegleiter<\/td><td>1<\/td><\/tr>\n            <tr><td>Flie\u00dfbach &#8211; Arbeitsbuch zur theoretischen Physik<\/td><td>1<\/td><\/tr>\n            <tr><td>Rebhan &#8211; Theoretische Physik 1<\/td><td>1<\/td><\/tr>\n            <tr><td>Rebhan &#8211; Theoretische Physik 2<\/td><td>1<\/td><\/tr>\n            <tr><td>Riley\/Hobson\/Bence &#8211; Mathematical Methods (English)<\/td><td>1<\/td><\/tr>\n            <tr><td>St\u00f6cker &#8211; Taschenbuch der Physik<\/td><td>1<\/td><\/tr>\n\n            <tr>\n                <th rowspan=\"11\">Sonstiges<\/th>\n                <td>Nolting 6 &#8211; Statistische Physik<\/td>\n                <td>1<\/td>\n            <\/tr>\n            <tr><td>Nolting 7 &#8211; Vielteilchentheorie<\/td><td>2<\/td><\/tr>\n            <tr><td>Demtr\u00f6der 4 &#8211; Kern-, Teilchen- und Astrophysik<\/td><td>1<\/td><\/tr>\n            <tr><td>Schwabl &#8211; Quantenmechanik f\u00fcr Fortgeschrittene<\/td><td>1<\/td><\/tr>\n            <tr><td>Peskin Schroeder &#8211; Introduction to QFT (English)<\/td><td>1<\/td><\/tr>\n            <tr><td>Bjorken\/Drell &#8211; Relativistic Quanten Mechanics (English)<\/td><td>1<\/td><\/tr>\n            <tr><td>Bjorken\/Drell &#8211; Relativistische Quanten Mechanics<\/td><td>1<\/td><\/tr>\n            <tr><td>Stolze\/Suter &#8211; Quanten Computing (English)<\/td><td>1<\/td><\/tr>\n            <tr><td>Siam &#8211; Computing Januar 2011 &#8211; Februar 2011<\/td><td>1<\/td><\/tr>\n            <tr><td>Siam &#8211; Computing M\u00e4rz 2011 &#8211; April 2011<\/td><td>1<\/td><\/tr>\n            <tr><td>Itzykson\/Zuber &#8211; Quanten Field Theorie (English)<\/td><td>1<\/td><\/tr>\n\n            <tr>\n                <th rowspan=\"11\">Mathematik<\/th>\n                <td>Furlan &#8211; Gelbes Rechenbuch 1<\/td>\n                <td>1<\/td>\n            <\/tr>\n            <tr><td>Furlan &#8211; Gelbes Rechenbuch 2<\/td><td>1<\/td><\/tr>\n            <tr><td>Furlan &#8211; Gelbes Rechenbuch 3<\/td><td>3<\/td><\/tr>\n            <tr><td>Meyberg\/Vachenauer &#8211; H\u00f6here Mathematik 1<\/td><td>1<\/td><\/tr>\n            <tr><td>Meyberg\/Vachenauer &#8211; H\u00f6here Mathematik 2<\/td><td>1<\/td><\/tr>\n            <tr><td>Heuser &#8211; Analysis 1<\/td><td>1<\/td><\/tr>\n            <tr><td>Bronstein &#8211; Taschenbuch der Mathematik<\/td><td>3<\/td><\/tr>\n            <tr><td>Forster &#8211; Analysis 2<\/td><td>1<\/td><\/tr>\n            <tr><td>Forster &#8211; Analysis 3<\/td><td>1<\/td><\/tr>\n            <tr><td>Numerical Recepes in C++<\/td><td>1<\/td><\/tr>\n            <tr><td>Schwarz\/K\u00f6ckler &#8211; Numerische Mathematik<\/td><td>1<\/td><\/tr>\n\n            <tr>\n                <th rowspan=\"1\">Lehramt<\/th>\n                <td>Skizzen zur Physik Didaktik<\/td>\n                <td>1<\/td>\n            <\/tr>\n\n            <tr>\n                <th rowspan=\"1\">Medizinphysik<\/th>\n                <td>Pschyrembel &#8211; Klinisches W\u00f6rterbuch<\/td>\n                <td>1<\/td>\n            <\/tr>\n\n\n<p><\/p>\n<\/table>","protected":false},"excerpt":{"rendered":"<p>Hallo Leseratten, wir haben uns mal die M\u00fche gemacht und die ganzen B\u00fccher, die wir durch etwaige Spenden erhalten haben tabellarisiert. Unten kannst du die B\u00fccher finden, die wir zur Ausleihe zur Verf\u00fcgung haben, soweit sie nicht schon ausgeliehen sind. Wenn du eines der B\u00fccher ausleihen willst, kontaktiere uns unter [&hellip;]<\/p>\n","protected":false},"author":49,"featured_media":6288,"parent":0,"menu_order":0,"comment_status":"closed","ping_status":"closed","template":"","meta":{"_themeisle_gutenberg_block_has_review":false,"footnotes":""},"class_list":["post-2979","page","type-page","status-publish","has-post-thumbnail","hentry"],"_links":{"self":[{"href":"https:\/\/fachschaft-physik.tu-dortmund.de\/wordpress\/wp-json\/wp\/v2\/pages\/2979","targetHints":{"allow":["GET"]}}],"collection":[{"href":"https:\/\/fachschaft-physik.tu-dortmund.de\/wordpress\/wp-json\/wp\/v2\/pages"}],"about":[{"href":"https:\/\/fachschaft-physik.tu-dortmund.de\/wordpress\/wp-json\/wp\/v2\/types\/page"}],"author":[{"embeddable":true,"href":"https:\/\/fachschaft-physik.tu-dortmund.de\/wordpress\/wp-json\/wp\/v2\/users\/49"}],"replies":[{"embeddable":true,"href":"https:\/\/fachschaft-physik.tu-dortmund.de\/wordpress\/wp-json\/wp\/v2\/comments?post=2979"}],"version-history":[{"count":10,"href":"https:\/\/fachschaft-physik.tu-dortmund.de\/wordpress\/wp-json\/wp\/v2\/pages\/2979\/revisions"}],"predecessor-version":[{"id":5751,"href":"https:\/\/fachschaft-physik.tu-dortmund.de\/wordpress\/wp-json\/wp\/v2\/pages\/2979\/revisions\/5751"}],"wp:featuredmedia":[{"embeddable":true,"href":"https:\/\/fachschaft-physik.tu-dortmund.de\/wordpress\/wp-json\/wp\/v2\/media\/6288"}],"wp:attachment":[{"href":"https:\/\/fachschaft-physik.tu-dortmund.de\/wordpress\/wp-json\/wp\/v2\/media?parent=2979"}],"curies":[{"name":"wp","href":"https:\/\/api.w.org\/{rel}","templated":true}]}}