{"id":5304,"date":"2024-07-27T01:54:28","date_gmt":"2024-07-26T23:54:28","guid":{"rendered":"https:\/\/fachschaft-physik.tu-dortmund.de\/wordpress\/?page_id=5304"},"modified":"2025-10-05T16:12:46","modified_gmt":"2025-10-05T14:12:46","slug":"ueberblick-erstsemester","status":"publish","type":"page","link":"https:\/\/fachschaft-physik.tu-dortmund.de\/wordpress\/ueberblick-erstsemester\/","title":{"rendered":"\u00dcberblick: Erstsemester"},"content":{"rendered":"\n<p>Als Erstsemester &#8211; oder auch nett &#8222;Ersties&#8220; genannt &#8211; kommen bereits in den Wochen vor eurem Studium einige Dinge auf euch zu. <a href=\"https:\/\/fachschaft-physik.tu-dortmund.de\/wordpress\/die-fachschaft\/\" data-type=\"page\" data-id=\"4727\">Wir<\/a> versuchen euch dar\u00fcber zun\u00e4chst einen kleinen \u00dcberblick zu geben. Weiter unten findet ihr einen Einladungslink f\u00fcr unsere Erstsemester-WhatsAppgruppe. Tragt euch dort mit eurer @tu-dortmund.de-Mailadresse ein!<\/p>\n\n\n\n<p>Bevor wir \u00fcberhaupt mit den Abl\u00e4ufen anfangen, solltet ihr euch zu aller erst <em>immatrikulieren<\/em>, also f\u00fcr den Studiengang einschreiben. Dies ist an der TU Dortmund voraussichtlich bis <strong>Anfang Oktober 2025<\/strong> (Angabe ohne Gew\u00e4hr) m\u00f6glich. Eure eigentlichen Informationsveranstaltungen und unsere Orientierungsprogramme beginnen aber schon etwas fr\u00fcher. Generell kann der Anfang etwas \u00fcberw\u00e4ltigend sein, sodass man z\u00fcgig den \u00dcberblick verlieren kann, so ging es jedem von uns aber wohlm\u00f6glich auch. Wichtige Informationen erhaltet ihr von uns \u00fcber eine WhatsApp-Gruppe, den Zugang bekommt ihr \u00fcber ein Formular auf unserer Website (kommt bald), welches ihr hier und auf der Seite der <a href=\"https:\/\/fachschaft-physik.tu-dortmund.de\/wordpress\/ueberblick-erstsemester\/orientierungsphase\/\">Orientierungsphase<\/a> finden k\u00f6nnt. Sobald ihr von der Universit\u00e4t dann eure &#8222;@tu-dortmund.de&#8220; Mailadressen erhalten habt, k\u00f6nnt ihr euch &#8211; mit der Universit\u00e4ts-Mailadresse &#8211; <a href=\"https:\/\/fachschaft-physik.tu-dortmund.de\/wordpress\/mail-verteiler\/\">in unseren Email-Verteiler<\/a> eintragen, dort verschicken wir f\u00fcr alle Physikstudierenden relevante E-Mails.<\/p>\n\n\n\n<p>Nach eurer erfolgreichen Immatrikulation k\u00f6nnt ihr an den Programmen teilnehmen. Dazu geh\u00f6rt als Erstes der <strong>verpflichtende<\/strong> <a href=\"https:\/\/physik.tu-dortmund.de\/studium\/studienanfaenger\/-innen\/mathematischer-selbsttest\/\">mathematische Selbsttest<\/a> auf der <a href=\"https:\/\/physik.tu-dortmund.de\/studium\/studienanfaenger\/-innen\/\">Fakult\u00e4tsseite<\/a>. Diesen m\u00fcsst ihr nicht &#8222;bestehen&#8220;, er dient lediglich der Selbsteinsch\u00e4tzung, wie fit ihr f\u00fcr das angehende Semester in den grundliegenden mathematischen Techniken seid. An diesen Test kn\u00fcpft dann ein ein gro\u00dfes Angebot der Fakult\u00e4t an, n\u00e4mlich die sogenannten <a href=\"https:\/\/fachschaft-physik.tu-dortmund.de\/wordpress\/erstsemester\/vorkurse\/\">Vorkurse<\/a>.<\/p>\n\n\n\n<p>Die Vorkurse dienen nicht nur der potentiellen Auffrischung von Schulstoff, falls ihr beim Test eher weniger gut abgeschnitten haben solltet, sie dienen auch dazu neue Grundlagen gezielt f\u00fcr das kommende Semester einzu\u00fcben. Egal wie gut ihr durch den Test gekommen seid, <strong>eine Teilnahme an bestimmten Vorkursen ist in jedem Fall zu empfehlen<\/strong>. N\u00e4heres zu diesem wirklich wichtigen Thema findet ihr auf der Seite<em> <a href=\"https:\/\/fachschaft-physik.tu-dortmund.de\/wordpress\/erstsemester\/vorkurse\/\">Vorkurse<\/a><\/em> oder unter dem Reiter <em>Erstsemester<\/em> &#8211;&gt; <em>Vorkurse<\/em>.<\/p>\n\n\n\n<p>Parallel zu den Vorkursen l\u00e4uft dann auch unser Orientierungsprogramm, bzw. unsere Orientierungsphase. In dieser Zeit geben wir euch wichtige Informationen f\u00fcr die erste Zeit eures Studiums auf den Weg. Des Weiteren ziehen wir mit euch an einem Tag \u00fcber den Campus, veranstalten kleine Spiele-Abende und viele weitere kleine Events, sodass ihr eure zuk\u00fcnftigen Kommiliton*innen und <a href=\"https:\/\/fachschaft-physik.tu-dortmund.de\/wordpress\/die-fachschaft\/\">uns<\/a> besser kennenlernen k\u00f6nnt. Dazu k\u00f6nnt ihr m\u00f6glicherweise auch schon Kontakte zu h\u00f6heren Semestern kn\u00fcpfen, durch die ihre bereits Einblicke in die sp\u00e4tere Studiumszeit erhaltet. Weitere Informationen findet ihr auf der Seite der <a href=\"https:\/\/fachschaft-physik.tu-dortmund.de\/wordpress\/ueberblick-erstsemester\/orientierungsphase\/\">Orientierungsphase<\/a>.<\/p>\n\n\n\n<p>Dies w\u00e4re grob der Ablauf f\u00fcr die paar Wochen vor eurem eigentlichem Studienbeginn, aber auch wir k\u00f6nnen mal etwas vergessen haben, daher schaut unbedingt auf der <a href=\"https:\/\/physik.tu-dortmund.de\/studium\/\" data-type=\"page\" data-id=\"4767\" target=\"_blank\" rel=\"noreferrer noopener\">Website der Fakult\u00e4t<\/a> vorbei, um sicherzugehen, dass ihr keine anderen Veranstaltungen verpasst. Unsere Veranstaltungen findet ihr in der Regel auch in unserem <a href=\"https:\/\/fachschaft-physik.tu-dortmund.de\/wordpress\/events\/\">Kalender<\/a>.<\/p>\n\n\n\n<p>Tragt euch sehr gern in die Email-Verteiler ein, um nichts Wichtiges verpassen zu k\u00f6nnen. Schaut dar\u00fcber hinaus auch in die Seitenleiste, rechts unter &#8222;Social Media&#8220; auf Instagram oder unserer Telegram-Gruppe vorbei, dort verteilen wir auch aktiv Infos!<\/p>\n\n\n\n<p>Falls du Fragen hast, z\u00f6gere keines Falls, uns einfach eine E-Mail an \u201e<a href=\"mailto:fs.physik@tu-dortmund.de?subject=Erstsemesterfragen\">fs.physik@tu-dortmund.de<\/a>\u201d zu schreiben! M\u00f6chtest du einen bestimmten Ansprechpartner von uns erreichen, findest du alle relevanten Kontaktinformationen unter dem Bereich <a href=\"https:\/\/fachschaft-physik.tu-dortmund.de\/wordpress\/die-fachschaft\/kontakt\/\"><em>Kontakt<\/em><\/a>.<\/p>\n\n\n\n<h2 class=\"wp-block-heading\">Formular zur Anfrage des WhatsApp-Einladungslinks<\/h2>\n\n\n\n<p>In den WhatsApp-Gruppen bekommt ihr alle wichtigen Infos rund um die Orientierungswoche. Ihr k\u00f6nnt dort ebenfalls eure Fragen zum Studium, zum Ablauf der O-Woche oder Sonstiges stellen, wir beantworten sie gerne. Ggf. k\u00f6nnt ihr euch bereits mit euren zuk\u00fcnftigen Kommilitonen austauschen. Die Termine zur O-Woche und weitere Infos sind in den Gruppen-Beschreibungen zu finden!<\/p>\n\n\n\n<p>Wir haben jeweils eine Gruppe f\u00fcr die Physikstudierenden und die Medizinphysik\/Lehramts-Studierenden  eingerichtet. Tragt euch bitte dementsprechend in die richtige Gruppe ein, sobald ihr die Links zugesendet bekommen habt. \ud83d\ude42<\/p>\n\n\n<div class=\"wpforms-container wpforms-container-full wpforms-block wpforms-block-dcd2cb2a-3263-4031-be0b-9a1085f0e62d\" id=\"wpforms-7165\"><form id=\"wpforms-form-7165\" class=\"wpforms-validate wpforms-form wpforms-ajax-form\" data-formid=\"7165\" method=\"post\" enctype=\"multipart\/form-data\" action=\"\/wordpress\/wp-json\/wp\/v2\/pages\/5304\" data-token=\"2c5618a622fcd0e847f995645f06c35c\" data-token-time=\"1775592365\"><noscript class=\"wpforms-error-noscript\">Bitte aktiviere JavaScript in deinem Browser, um dieses Formular fertigzustellen.<\/noscript><div class=\"wpforms-field-container\">\t\t<div id=\"wpforms-7165-field_3-container\"\n\t\t\tclass=\"wpforms-field wpforms-field-text\"\n\t\t\tdata-field-type=\"text\"\n\t\t\tdata-field-id=\"3\"\n\t\t\t>\n\t\t\t<label class=\"wpforms-field-label\" for=\"wpforms-7165-field_3\" >Name E-Mail-Adresse<\/label>\n\t\t\t<input type=\"text\" id=\"wpforms-7165-field_3\" class=\"wpforms-field-medium\" name=\"wpforms[fields][3]\" >\n\t\t<\/div>\n\t\t<div id=\"wpforms-7165-field_1-container\" class=\"wpforms-field wpforms-field-name\" data-field-id=\"1\"><label class=\"wpforms-field-label\">Name<\/label><div class=\"wpforms-field-row wpforms-field-medium\"><div class=\"wpforms-field-row-block wpforms-first wpforms-one-half\"><input type=\"text\" id=\"wpforms-7165-field_1\" class=\"wpforms-field-name-first\" name=\"wpforms[fields][1][first]\" ><label for=\"wpforms-7165-field_1\" class=\"wpforms-field-sublabel after\">Vorname<\/label><\/div><div class=\"wpforms-field-row-block wpforms-one-half\"><input type=\"text\" id=\"wpforms-7165-field_1-last\" class=\"wpforms-field-name-last\" name=\"wpforms[fields][1][last]\" ><label for=\"wpforms-7165-field_1-last\" class=\"wpforms-field-sublabel after\">Nachname<\/label><\/div><\/div><\/div><div id=\"wpforms-7165-field_2-container\" class=\"wpforms-field wpforms-field-email\" data-field-id=\"2\"><label class=\"wpforms-field-label\" for=\"wpforms-7165-field_2\">E-Mail-Adresse<\/label><input type=\"email\" id=\"wpforms-7165-field_2\" class=\"wpforms-field-medium\" data-rule-restricted-email=\"1\" name=\"wpforms[fields][2]\" placeholder=\"deinetumail@tu-dortmund.de\" spellcheck=\"false\" ><div class=\"wpforms-field-description\">Bitte gib hier deine &#8222;@tu-dortmund.de&#8220;-Adresse ein. Andere Email-Adressen erhalten die automatisch generierte R\u00fcckmeldung mit dem WhatsApp-Link nicht.<\/div><\/div><script>\n\t\t\t\t( function() {\n\t\t\t\t\tconst style = document.createElement( 'style' );\n\t\t\t\t\tstyle.appendChild( document.createTextNode( '#wpforms-7165-field_3-container { position: absolute !important; overflow: hidden !important; display: inline !important; height: 1px !important; width: 1px !important; z-index: -1000 !important; padding: 0 !important; } #wpforms-7165-field_3-container input { visibility: hidden; } #wpforms-conversational-form-page #wpforms-7165-field_3-container label { counter-increment: none; }' ) );\n\t\t\t\t\tdocument.head.appendChild( style );\n\t\t\t\t\tdocument.currentScript?.remove();\n\t\t\t\t} )();\n\t\t\t<\/script><\/div><!-- .wpforms-field-container --><div class=\"wpforms-submit-container\" ><input type=\"hidden\" name=\"wpforms[id]\" value=\"7165\"><input type=\"hidden\" name=\"page_title\" value=\"\"><input type=\"hidden\" name=\"page_url\" value=\"https:\/\/fachschaft-physik.tu-dortmund.de\/wordpress\/wp-json\/wp\/v2\/pages\/5304\"><input type=\"hidden\" name=\"url_referer\" value=\"\"><button type=\"submit\" name=\"wpforms[submit]\" id=\"wpforms-submit-7165\" class=\"wpforms-submit\" data-alt-text=\"Wird gesendet\u00a0\u2026\" data-submit-text=\"Absenden\" aria-live=\"assertive\" value=\"wpforms-submit\">Absenden<\/button><img decoding=\"async\" src=\"https:\/\/fachschaft-physik.tu-dortmund.de\/wordpress\/wp-content\/plugins\/wpforms-lite\/assets\/images\/submit-spin.svg\" class=\"wpforms-submit-spinner\" style=\"display: none;\" width=\"26\" height=\"26\" alt=\"Wird geladen\"><\/div><\/form><\/div>  <!-- .wpforms-container -->","protected":false},"excerpt":{"rendered":"<p>Als Erstsemester &#8211; oder auch nett &#8222;Ersties&#8220; genannt &#8211; kommen bereits in den Wochen vor eurem Studium einige Dinge auf euch zu. Wir versuchen euch dar\u00fcber zun\u00e4chst einen kleinen \u00dcberblick zu geben. Weiter unten findet ihr einen Einladungslink f\u00fcr unsere Erstsemester-WhatsAppgruppe. Tragt euch dort mit eurer @tu-dortmund.de-Mailadresse ein! Bevor wir [&hellip;]<\/p>\n","protected":false},"author":54,"featured_media":7124,"parent":0,"menu_order":0,"comment_status":"closed","ping_status":"closed","template":"","meta":{"_themeisle_gutenberg_block_has_review":false,"footnotes":""},"class_list":["post-5304","page","type-page","status-publish","has-post-thumbnail","hentry"],"_links":{"self":[{"href":"https:\/\/fachschaft-physik.tu-dortmund.de\/wordpress\/wp-json\/wp\/v2\/pages\/5304","targetHints":{"allow":["GET"]}}],"collection":[{"href":"https:\/\/fachschaft-physik.tu-dortmund.de\/wordpress\/wp-json\/wp\/v2\/pages"}],"about":[{"href":"https:\/\/fachschaft-physik.tu-dortmund.de\/wordpress\/wp-json\/wp\/v2\/types\/page"}],"author":[{"embeddable":true,"href":"https:\/\/fachschaft-physik.tu-dortmund.de\/wordpress\/wp-json\/wp\/v2\/users\/54"}],"replies":[{"embeddable":true,"href":"https:\/\/fachschaft-physik.tu-dortmund.de\/wordpress\/wp-json\/wp\/v2\/comments?post=5304"}],"version-history":[{"count":21,"href":"https:\/\/fachschaft-physik.tu-dortmund.de\/wordpress\/wp-json\/wp\/v2\/pages\/5304\/revisions"}],"predecessor-version":[{"id":7230,"href":"https:\/\/fachschaft-physik.tu-dortmund.de\/wordpress\/wp-json\/wp\/v2\/pages\/5304\/revisions\/7230"}],"wp:featuredmedia":[{"embeddable":true,"href":"https:\/\/fachschaft-physik.tu-dortmund.de\/wordpress\/wp-json\/wp\/v2\/media\/7124"}],"wp:attachment":[{"href":"https:\/\/fachschaft-physik.tu-dortmund.de\/wordpress\/wp-json\/wp\/v2\/media?parent=5304"}],"curies":[{"name":"wp","href":"https:\/\/api.w.org\/{rel}","templated":true}]}}