{"id":5590,"date":"2024-08-04T15:19:14","date_gmt":"2024-08-04T13:19:14","guid":{"rendered":"http:\/\/fachschaft-physik.tu-dortmund.de\/wordpress\/?page_id=5590"},"modified":"2025-01-30T15:49:29","modified_gmt":"2025-01-30T14:49:29","slug":"discord-server","status":"publish","type":"page","link":"https:\/\/fachschaft-physik.tu-dortmund.de\/wordpress\/discord-server\/","title":{"rendered":"Discord-Server"},"content":{"rendered":"\n<p class=\"has-cyan-bluish-gray-background-color has-background\"><strong><em>Anmerkung<\/em><\/strong>:<br \/>Zum Schutz vor Missbrauch ist der Beitritts-Link auf unserer Seite durch ein Passwort gesch\u00fctzt. Solltet ihr ein Studienanf\u00e4nger\/eine Studienanf\u00e4ngerin sein, erhaltet ihr den Zugang bei einer unserer Veranstaltungen vor Studienbeginn, alternativ kann man aber auch ein Mitglied des Fachschaftsrats fragen. Das Passwort k\u00f6nnt ihr ebenfalls im Fachschaftsraum an der Seite des K\u00fchlschranks finden. \ud83d\ude42<\/p>\n\n\n\n<p>Hier findet ihr den Discord-Server der Fachschaft Physik, auf dem ihr euch bez\u00fcglich des Studiums austauschen k\u00f6nnt. Des Weiteren findet ihr dort digitale Lernr\u00e4ume f\u00fcr das gemeinsame Lernen von Zuhause, k\u00f6nnt Kontakte zu h\u00f6heren Semestern kn\u00fcpfen oder auch einfach mal mit ein paar Leuten abschalten und was zocken. \ud83d\ude09<\/p>\n\n\n\n<div id=\"wp-block-themeisle-blocks-button-group-9127e429\" class=\"wp-block-themeisle-blocks-button-group wp-block-buttons align-center-desktop ticss-9127e429\">\n<div id=\"wp-block-themeisle-blocks-button-67fc73fa\" class=\"wp-block-themeisle-blocks-button wp-block-button ticss-67fc73fa\"><a href=\"https:\/\/fachschaft-physik.tu-dortmund.de\/wordpress\/discord-link\/\" target=\"_self\" rel=\"noopener noreferrer\" class=\"wp-block-button__link\"><i class=\"fas fa-fw fa-lock margin-right\"><\/i><span>Weiter zur passwortgesch\u00fctzten Seite<\/span><\/a><\/div>\n<\/div>\n\n\n\n<div class=\"wp-block-buttons is-content-justification-center is-layout-flex wp-container-core-buttons-is-layout-a89b3969 wp-block-buttons-is-layout-flex\"><\/div>\n\n\n\n<p><\/p>\n","protected":false},"excerpt":{"rendered":"<p>Anmerkung:Zum Schutz vor Missbrauch ist der Beitritts-Link auf unserer Seite durch ein Passwort gesch\u00fctzt. Solltet ihr ein Studienanf\u00e4nger\/eine Studienanf\u00e4ngerin sein, erhaltet ihr den Zugang bei einer unserer Veranstaltungen vor Studienbeginn, alternativ kann man aber auch ein Mitglied des Fachschaftsrats fragen. Das Passwort k\u00f6nnt ihr ebenfalls im Fachschaftsraum an der Seite [&hellip;]<\/p>\n","protected":false},"author":54,"featured_media":6535,"parent":0,"menu_order":0,"comment_status":"closed","ping_status":"closed","template":"","meta":{"_themeisle_gutenberg_block_has_review":false,"footnotes":""},"class_list":["post-5590","page","type-page","status-publish","has-post-thumbnail","hentry"],"_links":{"self":[{"href":"https:\/\/fachschaft-physik.tu-dortmund.de\/wordpress\/wp-json\/wp\/v2\/pages\/5590","targetHints":{"allow":["GET"]}}],"collection":[{"href":"https:\/\/fachschaft-physik.tu-dortmund.de\/wordpress\/wp-json\/wp\/v2\/pages"}],"about":[{"href":"https:\/\/fachschaft-physik.tu-dortmund.de\/wordpress\/wp-json\/wp\/v2\/types\/page"}],"author":[{"embeddable":true,"href":"https:\/\/fachschaft-physik.tu-dortmund.de\/wordpress\/wp-json\/wp\/v2\/users\/54"}],"replies":[{"embeddable":true,"href":"https:\/\/fachschaft-physik.tu-dortmund.de\/wordpress\/wp-json\/wp\/v2\/comments?post=5590"}],"version-history":[{"count":14,"href":"https:\/\/fachschaft-physik.tu-dortmund.de\/wordpress\/wp-json\/wp\/v2\/pages\/5590\/revisions"}],"predecessor-version":[{"id":6753,"href":"https:\/\/fachschaft-physik.tu-dortmund.de\/wordpress\/wp-json\/wp\/v2\/pages\/5590\/revisions\/6753"}],"wp:featuredmedia":[{"embeddable":true,"href":"https:\/\/fachschaft-physik.tu-dortmund.de\/wordpress\/wp-json\/wp\/v2\/media\/6535"}],"wp:attachment":[{"href":"https:\/\/fachschaft-physik.tu-dortmund.de\/wordpress\/wp-json\/wp\/v2\/media?parent=5590"}],"curies":[{"name":"wp","href":"https:\/\/api.w.org\/{rel}","templated":true}]}}