{"id":6154,"date":"2024-10-10T12:02:23","date_gmt":"2024-10-10T10:02:23","guid":{"rendered":"http:\/\/fachschaft-physik.tu-dortmund.de\/wordpress\/?page_id=6154"},"modified":"2025-03-03T20:44:59","modified_gmt":"2025-03-03T19:44:59","slug":"altklausursammlung-wip","status":"publish","type":"page","link":"https:\/\/fachschaft-physik.tu-dortmund.de\/wordpress\/altklausursammlung-wip\/","title":{"rendered":"\u00dcbungsklausuren"},"content":{"rendered":"\n<p class=\"has-black-color has-text-color has-link-color wp-elements-6c97103b73ee41e43dec34adf2cc142f\">Unsere \u00dcbungsklausuren findet ihr nun nicht mehr auf unserer Website, sondern in einem separaten Moodle-Raum. Ihr erreicht ihn, in dem ihr auf die Schaltfl\u00e4che weiter unten klickt. Der Bereich ist weiterhin passwortgesch\u00fctzt. <em>Alle Passw\u00f6rter der Fachschaft Physik sind im Fachschaftsraum an der Seite des K\u00fchlschranks zu finden.<\/em><\/p>\n\n\n\n<div id=\"wp-block-themeisle-blocks-button-group-e3e13212\" class=\"wp-block-themeisle-blocks-button-group wp-block-buttons align-center-desktop\">\n<div id=\"wp-block-themeisle-blocks-button-567703ea\" class=\"wp-block-themeisle-blocks-button wp-block-button\"><a href=\"https:\/\/moodle.tu-dortmund.de\/course\/view.php?id=50328\" target=\"_blank\" rel=\"noopener noreferrer\" class=\"wp-block-button__link\"><i class=\"fas fa-fw fa-chevron-right margin-right\"><\/i><span>Zum Moodle-Raum hier klicken<\/span><\/a><\/div>\n<\/div>\n\n\n\n<p><\/p>\n","protected":false},"excerpt":{"rendered":"<p>Unsere \u00dcbungsklausuren findet ihr nun nicht mehr auf unserer Website, sondern in einem separaten Moodle-Raum. Ihr erreicht ihn, in dem ihr auf die Schaltfl\u00e4che weiter unten klickt. Der Bereich ist weiterhin passwortgesch\u00fctzt. Alle Passw\u00f6rter der Fachschaft Physik sind im Fachschaftsraum an der Seite des K\u00fchlschranks zu finden.<\/p>\n","protected":false},"author":54,"featured_media":6504,"parent":0,"menu_order":0,"comment_status":"closed","ping_status":"closed","template":"","meta":{"_themeisle_gutenberg_block_has_review":false,"footnotes":""},"class_list":["post-6154","page","type-page","status-publish","has-post-thumbnail","hentry"],"_links":{"self":[{"href":"https:\/\/fachschaft-physik.tu-dortmund.de\/wordpress\/wp-json\/wp\/v2\/pages\/6154","targetHints":{"allow":["GET"]}}],"collection":[{"href":"https:\/\/fachschaft-physik.tu-dortmund.de\/wordpress\/wp-json\/wp\/v2\/pages"}],"about":[{"href":"https:\/\/fachschaft-physik.tu-dortmund.de\/wordpress\/wp-json\/wp\/v2\/types\/page"}],"author":[{"embeddable":true,"href":"https:\/\/fachschaft-physik.tu-dortmund.de\/wordpress\/wp-json\/wp\/v2\/users\/54"}],"replies":[{"embeddable":true,"href":"https:\/\/fachschaft-physik.tu-dortmund.de\/wordpress\/wp-json\/wp\/v2\/comments?post=6154"}],"version-history":[{"count":11,"href":"https:\/\/fachschaft-physik.tu-dortmund.de\/wordpress\/wp-json\/wp\/v2\/pages\/6154\/revisions"}],"predecessor-version":[{"id":6798,"href":"https:\/\/fachschaft-physik.tu-dortmund.de\/wordpress\/wp-json\/wp\/v2\/pages\/6154\/revisions\/6798"}],"wp:featuredmedia":[{"embeddable":true,"href":"https:\/\/fachschaft-physik.tu-dortmund.de\/wordpress\/wp-json\/wp\/v2\/media\/6504"}],"wp:attachment":[{"href":"https:\/\/fachschaft-physik.tu-dortmund.de\/wordpress\/wp-json\/wp\/v2\/media?parent=6154"}],"curies":[{"name":"wp","href":"https:\/\/api.w.org\/{rel}","templated":true}]}}