{"id":7156,"date":"2025-08-06T13:57:24","date_gmt":"2025-08-06T11:57:24","guid":{"rendered":"https:\/\/fachschaft-physik.tu-dortmund.de\/wordpress\/?page_id=7156"},"modified":"2025-10-16T16:49:40","modified_gmt":"2025-10-16T14:49:40","slug":"erstsemester-fahrt","status":"publish","type":"page","link":"https:\/\/fachschaft-physik.tu-dortmund.de\/wordpress\/erstsemester-fahrt\/","title":{"rendered":"Erstsemester-Fahrt"},"content":{"rendered":"\n<p>Hallo zusammen!<\/p>\n\n\n\n<p>In diesem Jahr planen wir neben unseren Ersti-Veranstaltungen in den Vorwochen vor dem Semesterbeginn noch eine Erstsemester-Fahrt. Viele Informationen k\u00f6nnen wir noch nicht teilen, Weiteres zu diesem Thema wird aber in den n\u00e4chsten Wochen hier auf der Website geteilt, also schaut gern regelm\u00e4\u00dfig vorbei!<\/p>\n\n\n\n<p>Was bereits feststeht ist das Zeitfenster und die Location. Dieses Mal fahren wir allesamt vom 24.10.2025 &#8211; 26.10.2025 zum Marienhof in Hagen!<\/p>\n\n\n\n<p>\u00dcber das untere Registrierungsformular k\u00f6nnt ihr euch f\u00fcr die Erstsemester-Fahrt anmelden. Geplant sind unter anderem auch kleine Kennenlernspiele zur besseren Vernetzung innerhalb eures Jahrgangs und dar\u00fcber hinaus. F\u00fcr die Fahrt f\u00e4llt eine Teilnahmebeitrag von 45\u20ac an, die auf das Konto der Fachschaft \u00fcberwiesen werden muss. N\u00e4heres dazu findet ihr im Formular!<\/p>\n\n\n\n<p class=\"has-text-color has-link-color wp-elements-81a7da693214096ebd07048baf2f516f\" style=\"color:#fe0000\">Eine Anmeldung f\u00fcr die Fahrt ist bis zum Mittwoch, den 22.10.2025, 23:59 Uhr m\u00f6glich.<\/p>\n\n\n<div class=\"wpforms-container wpforms-container-full wpforms-block wpforms-block-1766871b-bedb-4ddc-9201-87f7cdca4f62\" id=\"wpforms-7202\"><form id=\"wpforms-form-7202\" class=\"wpforms-validate wpforms-form wpforms-ajax-form\" data-formid=\"7202\" method=\"post\" enctype=\"multipart\/form-data\" action=\"\/wordpress\/wp-json\/wp\/v2\/pages\/7156\" data-token=\"1d894083f216f38b0598113baa98d120\" data-token-time=\"1777077106\"><noscript class=\"wpforms-error-noscript\">Bitte aktiviere JavaScript in deinem Browser, um dieses Formular fertigzustellen.<\/noscript><div class=\"wpforms-field-container\"><div id=\"wpforms-7202-field_9-container\" class=\"wpforms-field wpforms-field-name\" data-field-id=\"9\"><label class=\"wpforms-field-label\">Name <span class=\"wpforms-required-label\">*<\/span><\/label><div class=\"wpforms-field-row wpforms-field-medium\"><div class=\"wpforms-field-row-block wpforms-first wpforms-one-half\"><input type=\"text\" id=\"wpforms-7202-field_9\" class=\"wpforms-field-name-first wpforms-field-required\" name=\"wpforms[fields][9][first]\" required><label for=\"wpforms-7202-field_9\" class=\"wpforms-field-sublabel after\">Vorname<\/label><\/div><div class=\"wpforms-field-row-block wpforms-one-half\"><input type=\"text\" id=\"wpforms-7202-field_9-last\" class=\"wpforms-field-name-last wpforms-field-required\" name=\"wpforms[fields][9][last]\" required><label for=\"wpforms-7202-field_9-last\" class=\"wpforms-field-sublabel after\">Nachname<\/label><\/div><\/div><\/div><div id=\"wpforms-7202-field_4-container\" class=\"wpforms-field wpforms-field-email\" data-field-id=\"4\"><label class=\"wpforms-field-label\">Email <span class=\"wpforms-required-label\">*<\/span><\/label><div class=\"wpforms-field-row wpforms-field-medium\"><div class=\"wpforms-field-row-block wpforms-one-half wpforms-first\"><input type=\"email\" id=\"wpforms-7202-field_4\" class=\"wpforms-field-required wpforms-field-email-primary\" name=\"wpforms[fields][4][primary]\" spellcheck=\"false\" required><label for=\"wpforms-7202-field_4\" class=\"wpforms-field-sublabel after\">E-Mail-Adresse<\/label><\/div><div class=\"wpforms-field-row-block wpforms-one-half\"><input type=\"email\" id=\"wpforms-7202-field_4-secondary\" class=\"wpforms-field-email-secondary wpforms-field-required\" data-rule-confirm=\"#wpforms-7202-field_4\" name=\"wpforms[fields][4][secondary]\" spellcheck=\"false\" required><label for=\"wpforms-7202-field_4-secondary\" class=\"wpforms-field-sublabel after\">E-Mail best\u00e4tigen<\/label><\/div><\/div><\/div>\t\t<div id=\"wpforms-7202-field_1-container\"\n\t\t\tclass=\"wpforms-field wpforms-field-text\"\n\t\t\tdata-field-type=\"text\"\n\t\t\tdata-field-id=\"1\"\n\t\t\t>\n\t\t\t<label class=\"wpforms-field-label\" for=\"wpforms-7202-field_1\" >Anmeldung Allergien\/Unvertr\u00e4glichkeiten\/Anmerkungen Email<\/label>\n\t\t\t<input type=\"text\" id=\"wpforms-7202-field_1\" class=\"wpforms-field-medium\" name=\"wpforms[fields][1]\" >\n\t\t<\/div>\n\t\t<div id=\"wpforms-7202-field_15-container\" class=\"wpforms-field wpforms-field-text\" data-field-id=\"15\"><label class=\"wpforms-field-label\" for=\"wpforms-7202-field_15\">Geburtsdatum <span class=\"wpforms-required-label\">*<\/span><\/label><input type=\"text\" id=\"wpforms-7202-field_15\" class=\"wpforms-field-medium wpforms-field-required\" name=\"wpforms[fields][15]\" placeholder=\"TT.MM.JJJJ\" required><div class=\"wpforms-field-description\">Gib hier dein Geburtsdatum an.<\/div><\/div><div id=\"wpforms-7202-field_5-container\" class=\"wpforms-field wpforms-field-select wpforms-field-select-style-classic\" data-field-id=\"5\"><label class=\"wpforms-field-label\" for=\"wpforms-7202-field_5\">Essgewohnheiten<\/label><select id=\"wpforms-7202-field_5\" class=\"wpforms-field-medium\" name=\"wpforms[fields][5]\"><option value=\"\" class=\"placeholder\" disabled  selected='selected'>&#8212; Auswahl treffen &#8212;<\/option><option value=\"Omnivor \/ mit Fleisch und Fisch\"  class=\"choice-4 depth-1\"  >Omnivor \/ mit Fleisch und Fisch<\/option><option value=\"Vegetarisch\"  class=\"choice-2 depth-1\"  >Vegetarisch<\/option><option value=\"Vegan\"  class=\"choice-1 depth-1\"  >Vegan<\/option><\/select><div class=\"wpforms-field-description\">Gib hier bitte deinen Ern\u00e4hrungsstil an, falls du bestimmte Vorlieben oder Einschr\u00e4nkungen hast.<\/div><\/div><div id=\"wpforms-7202-field_6-container\" class=\"wpforms-field wpforms-field-textarea\" data-field-id=\"6\"><label class=\"wpforms-field-label\" for=\"wpforms-7202-field_6\">Allergien\/Unvertr\u00e4glichkeiten\/Anmerkungen <span class=\"wpforms-required-label\">*<\/span><\/label><textarea id=\"wpforms-7202-field_6\" class=\"wpforms-field-medium wpforms-field-required\" name=\"wpforms[fields][6]\" required><\/textarea><div class=\"wpforms-field-description\">Gib hier deine Allergien und\/oder Unvertr\u00e4glichkeiten an.<\/div><\/div><div id=\"wpforms-7202-field_16-container\" class=\"wpforms-field wpforms-field-text\" data-field-id=\"16\"><label class=\"wpforms-field-label\" for=\"wpforms-7202-field_16\">Anmerkungen<\/label><input type=\"text\" id=\"wpforms-7202-field_16\" class=\"wpforms-field-medium\" name=\"wpforms[fields][16]\" ><div class=\"wpforms-field-description\">Falls du nicht die ganze Zeit an der Fahrt teilnehmen kannst oder sonstige Kommentare hast, gib dies(e) hier ebenfalls an.<\/div><\/div><div id=\"wpforms-7202-field_10-container\" class=\"wpforms-field wpforms-field-checkbox\" data-field-id=\"10\"><label class=\"wpforms-field-label\">Hinweis zur Anmeldung <span class=\"wpforms-required-label\">*<\/span><\/label><ul id=\"wpforms-7202-field_10\" class=\"wpforms-field-required\"><li class=\"choice-3 depth-1\"><input type=\"checkbox\" id=\"wpforms-7202-field_10_3\" name=\"wpforms[fields][10][]\" value=\"Verstanden!\" required ><label class=\"wpforms-field-label-inline\" for=\"wpforms-7202-field_10_3\">Verstanden!<\/label><\/li><\/ul><div class=\"wpforms-field-description\">Mit dieser Best\u00e4tigung bekennst du dich, dass du dar\u00fcber im Klaren bist, dass die Anmeldung erst nach Eingang des Teilnahmebeitrags auf dem Fachschaftskonto g\u00fcltig ist.<br \/>\n<br \/>\nEmpf\u00e4nger: FACHSCHAFT PHYSIK<br \/>\nIBAN: DE80 4405 0199 0821 0091 11<br \/>\nVerwendungszweck: ErstifahrtWS2526, Nachname, Geburtsdatum<\/div><\/div><script>\n\t\t\t\t( function() {\n\t\t\t\t\tconst style = document.createElement( 'style' );\n\t\t\t\t\tstyle.appendChild( document.createTextNode( '#wpforms-7202-field_1-container { position: absolute !important; overflow: hidden !important; display: inline !important; height: 1px !important; width: 1px !important; z-index: -1000 !important; padding: 0 !important; } #wpforms-7202-field_1-container input { visibility: hidden; } #wpforms-conversational-form-page #wpforms-7202-field_1-container label { counter-increment: none; }' ) );\n\t\t\t\t\tdocument.head.appendChild( style );\n\t\t\t\t\tdocument.currentScript?.remove();\n\t\t\t\t} )();\n\t\t\t<\/script><\/div><!-- .wpforms-field-container --><div class=\"wpforms-submit-container\" ><input type=\"hidden\" name=\"wpforms[id]\" value=\"7202\"><input type=\"hidden\" name=\"page_title\" value=\"\"><input type=\"hidden\" name=\"page_url\" value=\"https:\/\/fachschaft-physik.tu-dortmund.de\/wordpress\/wp-json\/wp\/v2\/pages\/7156\"><input type=\"hidden\" name=\"url_referer\" value=\"\"><button type=\"submit\" name=\"wpforms[submit]\" id=\"wpforms-submit-7202\" class=\"wpforms-submit\" data-alt-text=\"Wird gesendet\u00a0\u2026\" data-submit-text=\"Anmelden\" aria-live=\"assertive\" value=\"wpforms-submit\">Anmelden<\/button><img decoding=\"async\" src=\"https:\/\/fachschaft-physik.tu-dortmund.de\/wordpress\/wp-content\/plugins\/wpforms-lite\/assets\/images\/submit-spin.svg\" class=\"wpforms-submit-spinner\" style=\"display: none;\" width=\"26\" height=\"26\" alt=\"Wird geladen\"><\/div><\/form><\/div>  <!-- .wpforms-container -->","protected":false},"excerpt":{"rendered":"<p>Hallo zusammen! In diesem Jahr planen wir neben unseren Ersti-Veranstaltungen in den Vorwochen vor dem Semesterbeginn noch eine Erstsemester-Fahrt. Viele Informationen k\u00f6nnen wir noch nicht teilen, Weiteres zu diesem Thema wird aber in den n\u00e4chsten Wochen hier auf der Website geteilt, also schaut gern regelm\u00e4\u00dfig vorbei! Was bereits feststeht ist [&hellip;]<\/p>\n","protected":false},"author":54,"featured_media":0,"parent":0,"menu_order":0,"comment_status":"closed","ping_status":"closed","template":"","meta":{"_themeisle_gutenberg_block_has_review":false,"footnotes":""},"class_list":["post-7156","page","type-page","status-publish","hentry"],"_links":{"self":[{"href":"https:\/\/fachschaft-physik.tu-dortmund.de\/wordpress\/wp-json\/wp\/v2\/pages\/7156","targetHints":{"allow":["GET"]}}],"collection":[{"href":"https:\/\/fachschaft-physik.tu-dortmund.de\/wordpress\/wp-json\/wp\/v2\/pages"}],"about":[{"href":"https:\/\/fachschaft-physik.tu-dortmund.de\/wordpress\/wp-json\/wp\/v2\/types\/page"}],"author":[{"embeddable":true,"href":"https:\/\/fachschaft-physik.tu-dortmund.de\/wordpress\/wp-json\/wp\/v2\/users\/54"}],"replies":[{"embeddable":true,"href":"https:\/\/fachschaft-physik.tu-dortmund.de\/wordpress\/wp-json\/wp\/v2\/comments?post=7156"}],"version-history":[{"count":7,"href":"https:\/\/fachschaft-physik.tu-dortmund.de\/wordpress\/wp-json\/wp\/v2\/pages\/7156\/revisions"}],"predecessor-version":[{"id":7242,"href":"https:\/\/fachschaft-physik.tu-dortmund.de\/wordpress\/wp-json\/wp\/v2\/pages\/7156\/revisions\/7242"}],"wp:attachment":[{"href":"https:\/\/fachschaft-physik.tu-dortmund.de\/wordpress\/wp-json\/wp\/v2\/media?parent=7156"}],"curies":[{"name":"wp","href":"https:\/\/api.w.org\/{rel}","templated":true}]}}