{"id":91,"date":"2013-04-14T23:39:23","date_gmt":"2013-04-14T21:39:23","guid":{"rendered":"http:\/\/fachschaft-physik.tu-dortmund.de\/wordpress\/?page_id=91"},"modified":"2024-11-06T19:41:07","modified_gmt":"2024-11-06T18:41:07","slug":"kontakt","status":"publish","type":"page","link":"https:\/\/fachschaft-physik.tu-dortmund.de\/wordpress\/kontakt\/","title":{"rendered":"Kontakt"},"content":{"rendered":"\n<p>Wenn du dem Fachschaftsrat eine Nachricht zukommen lassen m\u00f6chtest, erreichst Du uns \u00fcber die Adresse <a href=\"mailto:fs.physik@tu-dortmund.de\">fs.physik@tu-dortmund.de<\/a>. Sofern du ein Ratsmitglied privat kontaktieren m\u00f6chtest, kannst du dies tun, indem du deine E-Mail an &#8222;vorname.nachname@tu-dortmund.de&#8220; sendest. Unsere E-Mail-Namen kannst du unter unseren Namen aus der Tabelle auf der <a href=\"https:\/\/fachschaft-physik.tu-dortmund.de\/wordpress\/die-fachschaft\/\">Fachschaftsrat-Seite<\/a> nehmen.<\/p>\n\n\n\n<p>Informationen \u00fcber Veranstaltungen des Fachschaftsrates ver\u00f6ffentlichen wir auf der Startseite dieser Website und im <a href=\"https:\/\/fachschaft-physik.tu-dortmund.de\/wordpress\/veranstaltungen\/\" data-type=\"page\" data-id=\"3370\">Kalender<\/a>. Des Weiteren findet man uns auch auf <a href=\"https:\/\/www.instagram.com\/fs.physiktudortmund\/\">Instagram<\/a>, WhatsApp und <a href=\"https:\/\/t.me\/fsphysik_tudo\">Telegram<\/a> wo wir ebenfalls alle relevanten Infos zu Veranstaltungen bekannt geben.<\/p>\n\n\n\n<p>Pers\u00f6nlich erreichst du uns am besten, indem du beim Fachschaftsraum <strong>P2-E0-405<\/strong> im Physikgeb\u00e4ude vorbeischaust. Falls dort niemand ist, frag gern im Vorraum bei den Studierenden nach, ob jemand mitbekommen hat, das wir in der N\u00e4he sind. Hier findest du eine <a href=\"http:\/\/maps.google.de\/maps?f=q&amp;hl=de&amp;geocode=&amp;q=Otto-Hahn-Str.+4+Dortmund&amp;sll=51.124213,10.546875&amp;sspn=18.376511,28.78418&amp;ie=UTF8&amp;om=1&amp;ll=51.496988,7.419205&amp;spn=0.018702,0.036478&amp;z=14&amp;iwloc=addr&amp;source=embed\">Kartenansicht bei Google-Maps<\/a>, im Lageplan der TU Dortmund hat das Physikgeb\u00e4ude die Nummer 21.<\/p>\n\n\n\n<iframe src=\"https:\/\/www.google.com\/maps\/embed?pb=!1m18!1m12!1m3!1d738.552646343324!2d7.412967349920365!3d51.49147082763525!2m3!1f0!2f0!3f0!3m2!1i1024!2i768!4f13.1!3m3!1m2!1s0x0%3A0x4459009ef31dde4e!2sFakult%C3%A4t+Physik+der+TU-Dortmund!5e0!3m2!1sde!2sde!4v1565612816160!5m2!1sde!2sde\" width=\"1140\" height=\"500\" frameborder=\"0\" style=\"border:0\" allowfullscreen><\/iframe>\n\n\n\n<p>Grunds\u00e4tzlich haben wir auch eine Telefonnummer <strong>(0231\/755-3766)<\/strong>, allerdings kann es passieren, dass du \u00fcberhaupt niemanden erreichst oder nur ein v\u00f6llig ahnungsloser Student den H\u00f6rer abnimmt.<br \/>Insbesondere in der vorlesungsfreien Zeit ist das Geb\u00e4ude nicht gut besucht, daher ist die sicherste Methode bislang uns eine E-Mail zu senden, ob pers\u00f6nlich oder dem gesamten Fachschaftsrat.<\/p>\n\n\n\n<p><br \/>Wer es gerne altmodisch mag, oder ein P\u00e4ckchen f\u00fcr uns hat, f\u00fcr den hier die Postanschrift:<\/p>\n\n\n\n<p>Universit\u00e4t Dortmund<br \/>Fachschaft Physik<br \/>Otto-Hahn-Str. 4<br \/>44227 Dortmund<\/p>\n\n\n\n<p>Hast du so spezielle Fragen, dass dir niemand helfen konnte, kannst du dich auch an die Studienkoordinatoren oder die Studienberater der Fakult\u00e4t Physik wenden. Du findest sie auf der <a href=\"https:\/\/physik.tu-dortmund.de\/studium\/fachstudienberatung\/\">Website der Fakult\u00e4t Physik<\/a>.<br \/><br \/><br \/>Ansonsten kannst du auch gern unser <strong>Kontaktformular<\/strong> ausf\u00fcllen, dieses befindet sich hier unten.<\/p>\n\n\n<div class=\"wpforms-container wpforms-container-full wpforms-block wpforms-block-4c126dfa-9018-49cb-b904-c5453f35bc54\" id=\"wpforms-6215\"><form id=\"wpforms-form-6215\" class=\"wpforms-validate wpforms-form\" data-formid=\"6215\" method=\"post\" enctype=\"multipart\/form-data\" action=\"\/wordpress\/wp-json\/wp\/v2\/pages\/91\" data-token=\"08c22a0e66ebb1a7462c29e143e591fb\" data-token-time=\"1775886082\"><noscript class=\"wpforms-error-noscript\">Bitte aktiviere JavaScript in deinem Browser, um dieses Formular fertigzustellen.<\/noscript><div class=\"wpforms-field-container\"><div id=\"wpforms-6215-field_0-container\" class=\"wpforms-field wpforms-field-name wpforms-one-half wpforms-first\" data-field-id=\"0\"><label class=\"wpforms-field-label wpforms-label-hide\" for=\"wpforms-6215-field_0\">Name <span class=\"wpforms-required-label\">*<\/span><\/label><input type=\"text\" id=\"wpforms-6215-field_0\" class=\"wpforms-field-large wpforms-field-required\" name=\"wpforms[fields][0]\" placeholder=\"Nachname, Vorname\" required><\/div><div id=\"wpforms-6215-field_3-container\" class=\"wpforms-field wpforms-field-email wpforms-one-half\" data-field-id=\"3\"><label class=\"wpforms-field-label wpforms-label-hide\" for=\"wpforms-6215-field_3\">Email <span class=\"wpforms-required-label\">*<\/span><\/label><input type=\"email\" id=\"wpforms-6215-field_3\" class=\"wpforms-field-large wpforms-field-required\" name=\"wpforms[fields][3]\" placeholder=\"Deine Email\" spellcheck=\"false\" required><\/div><div id=\"wpforms-6215-field_4-container\" class=\"wpforms-field wpforms-field-text\" data-field-id=\"4\"><label class=\"wpforms-field-label wpforms-label-hide\" for=\"wpforms-6215-field_4\">Subject<\/label><input type=\"text\" id=\"wpforms-6215-field_4\" class=\"wpforms-field-large\" name=\"wpforms[fields][4]\" placeholder=\"Dein Anliegen\" ><\/div><div id=\"wpforms-6215-field_5-container\" class=\"wpforms-field wpforms-field-checkbox wpforms-list-2-columns\" data-field-id=\"5\"><label class=\"wpforms-field-label\">Ich habe&#8230; <span class=\"wpforms-required-label\">*<\/span><\/label><ul id=\"wpforms-6215-field_5\" class=\"wpforms-field-required\" data-choice-limit=\"1\"><li class=\"choice-2 depth-1\"><input type=\"checkbox\" id=\"wpforms-6215-field_5_2\" data-rule-check-limit=\"true\" name=\"wpforms[fields][5][]\" value=\"Fragen zum Studiengang Physik\" required ><label class=\"wpforms-field-label-inline\" for=\"wpforms-6215-field_5_2\">Fragen zum Studiengang Physik<\/label><\/li><li class=\"choice-4 depth-1\"><input type=\"checkbox\" id=\"wpforms-6215-field_5_4\" data-rule-check-limit=\"true\" name=\"wpforms[fields][5][]\" value=\"Fragen zum Studiengang Medizinphysik\" required ><label class=\"wpforms-field-label-inline\" for=\"wpforms-6215-field_5_4\">Fragen zum Studiengang Medizinphysik<\/label><\/li><li class=\"choice-3 depth-1\"><input type=\"checkbox\" id=\"wpforms-6215-field_5_3\" data-rule-check-limit=\"true\" name=\"wpforms[fields][5][]\" value=\"Fragen zum Studiengang Physik Lehramt\" required ><label class=\"wpforms-field-label-inline\" for=\"wpforms-6215-field_5_3\">Fragen zum Studiengang Physik Lehramt<\/label><\/li><li class=\"choice-1 depth-1\"><input type=\"checkbox\" id=\"wpforms-6215-field_5_1\" data-rule-check-limit=\"true\" name=\"wpforms[fields][5][]\" value=\"ein anderes Anliegen\" required ><label class=\"wpforms-field-label-inline\" for=\"wpforms-6215-field_5_1\">ein anderes Anliegen<\/label><\/li><\/ul><\/div><div id=\"wpforms-6215-field_2-container\" class=\"wpforms-field wpforms-field-textarea\" data-field-id=\"2\"><label class=\"wpforms-field-label wpforms-label-hide\" for=\"wpforms-6215-field_2\">Nachricht <span class=\"wpforms-required-label\">*<\/span><\/label><textarea id=\"wpforms-6215-field_2\" class=\"wpforms-field-medium wpforms-field-required\" name=\"wpforms[fields][2]\" placeholder=\"Beispielnachricht: Sei Epsilon kleiner null...\" required><\/textarea><div class=\"wpforms-field-description\">Bitte beachtet, dass wir aktuell keine Nachhilfe im Bereich Physik\/Mathematik anbieten.<\/div><\/div><\/div><!-- .wpforms-field-container --><div class=\"wpforms-submit-container\" ><input type=\"hidden\" name=\"wpforms[id]\" value=\"6215\"><input type=\"hidden\" name=\"page_title\" value=\"\"><input type=\"hidden\" name=\"page_url\" value=\"https:\/\/fachschaft-physik.tu-dortmund.de\/wordpress\/wp-json\/wp\/v2\/pages\/91\"><input type=\"hidden\" name=\"url_referer\" value=\"\"><button type=\"submit\" name=\"wpforms[submit]\" id=\"wpforms-submit-6215\" class=\"wpforms-submit\" data-alt-text=\"Wird gesendet...\" data-submit-text=\"Absenden\" aria-live=\"assertive\" value=\"wpforms-submit\">Absenden<\/button><\/div><\/form><\/div>  <!-- .wpforms-container -->","protected":false},"excerpt":{"rendered":"<p>Wenn du dem Fachschaftsrat eine Nachricht zukommen lassen m\u00f6chtest, erreichst Du uns \u00fcber die Adresse fs.physik@tu-dortmund.de. Sofern du ein Ratsmitglied privat kontaktieren m\u00f6chtest, kannst du dies tun, indem du deine E-Mail an &#8222;vorname.nachname@tu-dortmund.de&#8220; sendest. Unsere E-Mail-Namen kannst du unter unseren Namen aus der Tabelle auf der Fachschaftsrat-Seite nehmen. Informationen \u00fcber [&hellip;]<\/p>\n","protected":false},"author":54,"featured_media":6348,"parent":0,"menu_order":7,"comment_status":"closed","ping_status":"closed","template":"","meta":{"_themeisle_gutenberg_block_has_review":false,"footnotes":""},"class_list":["post-91","page","type-page","status-publish","has-post-thumbnail","hentry"],"_links":{"self":[{"href":"https:\/\/fachschaft-physik.tu-dortmund.de\/wordpress\/wp-json\/wp\/v2\/pages\/91","targetHints":{"allow":["GET"]}}],"collection":[{"href":"https:\/\/fachschaft-physik.tu-dortmund.de\/wordpress\/wp-json\/wp\/v2\/pages"}],"about":[{"href":"https:\/\/fachschaft-physik.tu-dortmund.de\/wordpress\/wp-json\/wp\/v2\/types\/page"}],"author":[{"embeddable":true,"href":"https:\/\/fachschaft-physik.tu-dortmund.de\/wordpress\/wp-json\/wp\/v2\/users\/54"}],"replies":[{"embeddable":true,"href":"https:\/\/fachschaft-physik.tu-dortmund.de\/wordpress\/wp-json\/wp\/v2\/comments?post=91"}],"version-history":[{"count":37,"href":"https:\/\/fachschaft-physik.tu-dortmund.de\/wordpress\/wp-json\/wp\/v2\/pages\/91\/revisions"}],"predecessor-version":[{"id":6561,"href":"https:\/\/fachschaft-physik.tu-dortmund.de\/wordpress\/wp-json\/wp\/v2\/pages\/91\/revisions\/6561"}],"wp:featuredmedia":[{"embeddable":true,"href":"https:\/\/fachschaft-physik.tu-dortmund.de\/wordpress\/wp-json\/wp\/v2\/media\/6348"}],"wp:attachment":[{"href":"https:\/\/fachschaft-physik.tu-dortmund.de\/wordpress\/wp-json\/wp\/v2\/media?parent=91"}],"curies":[{"name":"wp","href":"https:\/\/api.w.org\/{rel}","templated":true}]}}